{"id":8751,"date":"2019-11-04T21:11:39","date_gmt":"2019-11-04T20:11:39","guid":{"rendered":"http:\/\/sp1.kielce.eu\/?page_id=8751"},"modified":"2025-10-14T11:17:59","modified_gmt":"2025-10-14T09:17:59","slug":"kalendarium-roku-szkolnego","status":"publish","type":"page","link":"https:\/\/sp1.kielce.eu\/index.php\/kalendarium-roku-szkolnego\/","title":{"rendered":"Kalendarium roku szkolnego"},"content":{"rendered":"\n<p><strong>Kalendarz roku szkolnego 2025\/202<\/strong>6<\/p>\n\n\n\n<p><\/p>\n\n\n\n<ul class=\"wp-block-list\">\n<li><strong>1 wrze\u015bnia 2025 r.<\/strong> \u2013 Rozpocz\u0119cie zaj\u0119\u0107 dydaktyczno-wychowawczych<\/li>\n\n\n\n<li><strong>22\u2013 31 grudnia 2025 r.<\/strong> \u2013 Zimowa przerwa \u015bwi\u0105teczna<\/li>\n\n\n\n<li><strong>19 stycznia \u2013 1 lutego 2026 r.<\/strong> \u2013 Ferie zimowe<\/li>\n\n\n\n<li><strong>2 \u2013 7 kwietnia 2026 r.<\/strong> \u2013 Wiosenna przerwa \u015bwi\u0105teczna<\/li>\n\n\n\n<li><strong>11 \u2013 3 maja 2025 r.<\/strong> \u2013\u00a0 Egzamin \u00d3smoklasisty<\/li>\n\n\n\n<li><strong>27 czerwca 2026 r.<\/strong> \u2013 Zako\u0144czenie zaj\u0119\u0107 dydaktyczno \u2013 wychowawczych<\/li>\n\n\n\n<li><strong>27 czerwca \u2013 31 sierpnia 2026 r.<\/strong> \u2013 Ferie letnie<\/li>\n<\/ul>\n\n\n\n<p><strong>Dni ustawowo wolne od pracy:<\/strong><\/p>\n\n\n\n<ul class=\"wp-block-list\">\n<li><strong>14 pa\u017adziernika 2025r.<\/strong><strong> (wtorek) Dzie\u0144 Edukacji Narodowej<\/strong><\/li>\n\n\n\n<li><strong>11 listopada 2025r.<\/strong> (wtorek) \u2013\u00a0 \u015awi\u0119to Niepodleg\u0142o\u015bci<\/li>\n\n\n\n<li><strong>1 stycznia 2026 r.<\/strong> (czwartek) \u2013 Nowy Rok<\/li>\n\n\n\n<li><strong>6 stycznia 2026 r.<\/strong> (wtorek) \u2013 Trzech Kr\u00f3li<\/li>\n\n\n\n<li><strong>1 maja 2026 r<\/strong>. (pi\u0105tek) \u2013 \u015awi\u0119to Pracy<\/li>\n\n\n\n<li><strong>4 czerwca 2026 r.<\/strong> (czwartek) \u2013 Bo\u017ce Cia\u0142o<\/li>\n<\/ul>\n\n\n\n<p><strong>Dodatkowe dni wolne od zaj\u0119\u0107 dydaktyczno-wychowawczych:<\/strong><\/p>\n\n\n\n<ul class=\"wp-block-list\">\n<li><strong>13 pa\u017adziernika 2025 r. \u2013 <\/strong><strong>poniedzia\u0142ek<\/strong><\/li>\n\n\n\n<li><strong>10 listopada 2025 r. \u2013<\/strong><strong> poniedzia\u0142ek<\/strong><\/li>\n\n\n\n<li><strong>2 stycznia 2026 r.<\/strong> \u2013 pi\u0105tek<\/li>\n\n\n\n<li><strong>5 stycznia 2026 r.<\/strong> \u2013 poniedzia\u0142ek<\/li>\n\n\n\n<li><strong>5 czerwca 2026 r.<\/strong> \u2013 pi\u0105tek<\/li>\n\n\n\n<li><strong>11-13 maja 2026 r.<\/strong> \u2013 wtorek, \u015broda, czwartek \u2013\u00a0 Egzamin \u00d3smoklasisty<\/li>\n<\/ul>\n","protected":false},"excerpt":{"rendered":"<p>Kalendarz roku szkolnego 2025\/2026 Dni ustawowo wolne od pracy: Dodatkowe dni wolne od zaj\u0119\u0107 dydaktyczno-wychowawczych:<\/p>\n","protected":false},"author":1,"featured_media":0,"parent":0,"menu_order":0,"comment_status":"closed","ping_status":"closed","template":"","meta":{"footnotes":""},"class_list":["post-8751","page","type-page","status-publish","hentry"],"_links":{"self":[{"href":"https:\/\/sp1.kielce.eu\/index.php\/wp-json\/wp\/v2\/pages\/8751","targetHints":{"allow":["GET"]}}],"collection":[{"href":"https:\/\/sp1.kielce.eu\/index.php\/wp-json\/wp\/v2\/pages"}],"about":[{"href":"https:\/\/sp1.kielce.eu\/index.php\/wp-json\/wp\/v2\/types\/page"}],"author":[{"embeddable":true,"href":"https:\/\/sp1.kielce.eu\/index.php\/wp-json\/wp\/v2\/users\/1"}],"replies":[{"embeddable":true,"href":"https:\/\/sp1.kielce.eu\/index.php\/wp-json\/wp\/v2\/comments?post=8751"}],"version-history":[{"count":7,"href":"https:\/\/sp1.kielce.eu\/index.php\/wp-json\/wp\/v2\/pages\/8751\/revisions"}],"predecessor-version":[{"id":39726,"href":"https:\/\/sp1.kielce.eu\/index.php\/wp-json\/wp\/v2\/pages\/8751\/revisions\/39726"}],"wp:attachment":[{"href":"https:\/\/sp1.kielce.eu\/index.php\/wp-json\/wp\/v2\/media?parent=8751"}],"curies":[{"name":"wp","href":"https:\/\/api.w.org\/{rel}","templated":true}]}}