{"id":8739,"date":"2019-11-04T20:54:53","date_gmt":"2019-11-04T19:54:53","guid":{"rendered":"http:\/\/sp1.kielce.eu\/?page_id=8739"},"modified":"2019-11-04T20:59:31","modified_gmt":"2019-11-04T19:59:31","slug":"model-absolwenta","status":"publish","type":"page","link":"https:\/\/sp1.kielce.eu\/index.php\/model-absolwenta\/","title":{"rendered":"Model absolwenta"},"content":{"rendered":"\n<h2 class=\"wp-block-heading\"><code>MODEL ABSOLWENTA SZKO\u0141Y <\/code><\/h2>\n\n\n\n<p>Absolwent  Szko\u0142y Podstawowej nr 1 im. Stanis\u0142awa Staszica w Kielcach dobrze funkcjonuje w swoim \u015brodowisku, w domu i w Szkole. Jest pogodny, ma pozytywny, cho\u0107 nie bezkrytyczny, stosunek do otaczaj\u0105cej go rzeczywisto\u015bci. Posiada umiej\u0119tno\u015b\u0107 efektywnego komunikowania, wsp\u00f3\u0142pracy oraz kontrolowania w\u0142asnych emocji. Jest \u015bwiadomy dziedzictwa kulturowego regionu, kraju, Europy, \u015bwiata. Dba o swoje zdrowie i sprawno\u015b\u0107 fizyczn\u0105. Wie, \u017ce sport kszta\u0142tuje charakter cz\u0142owieka i wp\u0142ywa znacz\u0105co na dalsze \u017cycie. Traktuje zdobywanie wiedzy jako podstaw\u0119 w\u0142asnego rozwoju. Jest wyposa\u017cony  w zesp\u00f3\u0142 cech uniwersalnych, warunkuj\u0105cych w\u0142a\u015bciwe funkcjonowanie we wsp\u00f3\u0142czesnym \u015bwiecie, a w szczeg\u00f3lno\u015bci jest:<br> <\/p>\n\n\n\n<p>1) dobrym obywatelem, \u015bwiadomym swych praw i obowi\u0105zk\u00f3w, posiadaj\u0105cym godno\u015b\u0107, poczucie w\u0142asnej warto\u015bci, szanuj\u0105cym prawa innych;<\/p>\n\n\n\n<p>2) cz\u0142owiekiem aktywnym, ciekawym \u015bwiata i wiedzy, ma r\u00f3\u017cnorodne zainteresowania, ch\u0119tnie gromadzi r\u00f3\u017cne wiadomo\u015bci;<\/p>\n\n\n\n<p>3) cz\u0142owiekiem uczciwym, tolerancyjnym i odpowiedzialnym, odr\u00f3\u017cniaj\u0105cym dobro od z\u0142a, kieruj\u0105cym si\u0119 zasadami moralnymi;<\/p>\n\n\n\n<p>4) cz\u0142owiekiem w\u0142\u0105czaj\u0105cym si\u0119 do akcji spo\u0142ecznych na rzecz niesienia pomocy innym;<\/p>\n\n\n\n<p> 5) cz\u0142owiekiem dbaj\u0105cym o w\u0142asny rozw\u00f3j intelektualny i duchowy, wra\u017cliwym na pi\u0119kno, szanuj\u0105cym dorobek ludzko\u015bci w dziedzinie kultury i sztuki oraz tradycji;<\/p>\n\n\n\n<p>6) cz\u0142owiekiem doceniaj\u0105cym i rozwijaj\u0105cym swoj\u0105 aktywno\u015b\u0107 i sprawno\u015b\u0107 fizyczn\u0105, prowadz\u0105cym zdrowy styl \u017cycia, dbaj\u0105cym o zdrowie w\u0142asne i innych oraz \u015bwiadomym ich zale\u017cno\u015bci od stanu \u015brodowiska naturalnego;<\/p>\n\n\n\n<p>7) potrafi\u0105cym efektywnie pracowa\u0107 w grupie w oparciu o obowi\u0105zuj\u0105ce normy spo\u0142eczne, nawi\u0105zywa\u0107 pozytywne relacje z innymi; <\/p>\n\n\n\n<p>8) cz\u0142owiekiem, kt\u00f3ry naby\u0142 wiedz\u0119 i umiej\u0119tno\u015bci niezb\u0119dne w dalszej edukacji, jest dobrze przygotowany do egzamin\u00f3w zewn\u0119trznych i nauki na wy\u017cszym poziomie kszta\u0142cenia; <\/p>\n\n\n\n<p>9) poprawnie pos\u0142uguj\u0105cym si\u0119 j\u0119zykiem ojczystym i przynajmniej w zakresie podstawowym drugim j\u0119zykiem (obcym); <\/p>\n\n\n\n<p>10) cz\u0142owiekiem bezpiecznie i umiej\u0119tnie korzystaj\u0105cym z r\u00f3\u017cnych \u017ar\u00f3de\u0142 informacji.<\/p>\n","protected":false},"excerpt":{"rendered":"<p>MODEL ABSOLWENTA SZKO\u0141Y Absolwent Szko\u0142y Podstawowej nr 1 im. Stanis\u0142awa Staszica w Kielcach dobrze funkcjonuje [&hellip;]<\/p>\n","protected":false},"author":1,"featured_media":0,"parent":0,"menu_order":0,"comment_status":"closed","ping_status":"closed","template":"","meta":{"footnotes":""},"class_list":["post-8739","page","type-page","status-publish","hentry"],"_links":{"self":[{"href":"https:\/\/sp1.kielce.eu\/index.php\/wp-json\/wp\/v2\/pages\/8739","targetHints":{"allow":["GET"]}}],"collection":[{"href":"https:\/\/sp1.kielce.eu\/index.php\/wp-json\/wp\/v2\/pages"}],"about":[{"href":"https:\/\/sp1.kielce.eu\/index.php\/wp-json\/wp\/v2\/types\/page"}],"author":[{"embeddable":true,"href":"https:\/\/sp1.kielce.eu\/index.php\/wp-json\/wp\/v2\/users\/1"}],"replies":[{"embeddable":true,"href":"https:\/\/sp1.kielce.eu\/index.php\/wp-json\/wp\/v2\/comments?post=8739"}],"version-history":[{"count":5,"href":"https:\/\/sp1.kielce.eu\/index.php\/wp-json\/wp\/v2\/pages\/8739\/revisions"}],"predecessor-version":[{"id":8745,"href":"https:\/\/sp1.kielce.eu\/index.php\/wp-json\/wp\/v2\/pages\/8739\/revisions\/8745"}],"wp:attachment":[{"href":"https:\/\/sp1.kielce.eu\/index.php\/wp-json\/wp\/v2\/media?parent=8739"}],"curies":[{"name":"wp","href":"https:\/\/api.w.org\/{rel}","templated":true}]}}