{"id":8730,"date":"2019-11-04T20:45:57","date_gmt":"2019-11-04T19:45:57","guid":{"rendered":"http:\/\/sp1.kielce.eu\/?page_id=8730"},"modified":"2019-11-04T20:53:27","modified_gmt":"2019-11-04T19:53:27","slug":"misja-i-wizja-szkoly","status":"publish","type":"page","link":"https:\/\/sp1.kielce.eu\/index.php\/misja-i-wizja-szkoly\/","title":{"rendered":"Misja i wizja szko\u0142y"},"content":{"rendered":"\n<h2 class=\"wp-block-heading\"> <strong><code>Misja i wizja szko\u0142y<\/code><\/strong><\/h2>\n\n\n\n<p><strong>TRADYCJA\n(SPORT) + 8. KOMPETENCJI KLUCZOWYCH<\/strong><\/p>\n\n\n\n<p>\n<strong>=\nPROFILAKTYKA BEZPIECZE\u0143STWA<\/strong><\/p>\n\n\n\n<p>\u201e<em><strong>Sport\nsprzyja poszukiwaniu w\u0142asnych marze\u0144. <\/strong><\/em>\n<\/p>\n\n\n\n<p><em><strong>Marzenia\nto nie jest bowiem co\u015b, <\/strong><\/em>\n<\/p>\n\n\n\n<p><em><strong>co\njest nam dane przez natur\u0119, <\/strong><\/em>\n<\/p>\n\n\n\n<p><em><strong>tylko\nco\u015b,<\/strong><\/em><\/p>\n\n\n\n<p>\n<em><strong>do\nczego dochodzimy w trakcie naszego rozwoju\u201d<\/strong><\/em><\/p>\n\n\n\n<p><em><strong>Otylia\nJ\u0119drzejczak<\/strong><\/em><\/p>\n\n\n\n<p><em><strong>+<\/strong><\/em><\/p>\n\n\n\n<p>\u201e<strong>Talent\njest jak kawa\u0142ek szlachetnego, ale surowego metalu: dopiero pilna\npraca go obrobi i warto\u015b\u0107 mu wielk\u0105 nada\u201d <\/strong>\n<\/p>\n\n\n\n<p><em><strong>Stanis\u0142aw\nStaszic <\/strong><\/em>\n<\/p>\n\n\n\n<h4 class=\"wp-block-heading\"><strong><code>MISJA<\/code><\/strong><\/h4>\n\n\n\n<p>\tUkszta\u0142towanie\nabsolwenta wra\u017cliwego na pi\u0119kno i potrzeby wsp\u00f3\u0142czesnego \u015bwiata\noraz wyposa\u017cenie go w wiedz\u0119 i umiej\u0119tno\u015bci potrzebne do dalszego\nkszta\u0142cenia, do samodzielnego                     i odpowiedzialnego\ndzia\u0142ania.<\/p>\n\n\n\n<h4 class=\"wp-block-heading\"><strong><code>WIZJA<\/code><\/strong><\/h4>\n\n\n\n<p>\nSzko\u0142a jest ukierunkowana na\npotrzeby dziecka, jego \u015brodowiska rodzinnego                        \n i lokalnego. Zapewnia dobre przygotowania ucznia do nast\u0119pnego\netapu kszta\u0142cenia,                         a jednocze\u015bnie jest\npodatna na modyfikacje umo\u017cliwiaj\u0105ce wprowadzenie innowacji        \n                 i eksperyment\u00f3w pedagogicznych. Podejmowane przez\nszko\u0142\u0119 dzia\u0142ania umo\u017cliwiaj\u0105 uczniom odkrywanie \u015bwiata i ich\nmiejsca w \u015bwiecie w spos\u00f3b niekonwencjonalny, wieloaspektowy       \n            i tw\u00f3rczy, buduj\u0105c zintegrowany obraz rzeczywisto\u015bci.\nSzko\u0142a stwarza\nmo\u017cliwo\u015bci wszechstronnego rozwoju oraz nabycia umiej\u0119tno\u015bci\nkluczowych, kt\u00f3re s\u0105 niezb\u0119dne cz\u0142owiekowi XXI wieku do\n\u015bwiadomego i odpowiedzialnego funkcjonowania we wsp\u00f3\u0142czesnym\n\u015bwiecie oraz odnalezienia si\u0119 na ustawicznie zmieniaj\u0105cym si\u0119\nrynku pracy. \n<\/p>\n\n\n\n<p>\nJednolity system oceniania\nuwzgl\u0119dniaj\u0105cy zaanga\u017cowanie i wk\u0142ad pracy ucznia wspiera jego\nrozw\u00f3j, uczy samooceny swojej pracy i umiej\u0119tno\u015bci \u015bledzenia\npost\u0119p\u00f3w w nauce. Wprowadzone zasady norm i regu\u0142y wsp\u00f3\u0142\u017cycia\nspo\u0142ecznego s\u0105 konsekwentnie przestrzegane                     i\negzekwowane.<\/p>\n\n\n\n<p>\nBezpieczne warunki rozwoju\npsychicznego i fizycznego oraz du\u017ca r\u00f3\u017cnorodno\u015b\u0107 zaj\u0119\u0107\npozalekcyjnych sprawiaj\u0105, \u017ce ucze\u0144 jest zadowolony i ma\nsatysfakcj\u0119 z pobytu w szkole. \n<\/p>\n\n\n\n<p>Czyste,\nkolorowe wn\u0119trza, atrakcyjne \u2013 zielone tereny wok\u00f3\u0142 szko\u0142y\npog\u0142\u0119biaj\u0105 poczucie bezpiecze\u0144stwa i sprawiaj\u0105, \u017ce ucze\u0144\nch\u0119tnie tu przebywa.<\/p>\n\n\n\n<p>\tOsi\u0105gane\nsukcesy w pracy dydaktyczno \u2013 wychowawczej s\u0105 wynikiem\nzaanga\u017cowania wysoko wykwalifikowanej, do\u015bwiadczonej i kompetentnej\nkadry pedagogicznej, \u015bwiadomej realizowanej misji i otwartej na\npotrzeby ucznia. Wsp\u00f3\u0142dzia\u0142a ona ze \u015brodowiskiem rodzinnym\ndziecka w zakresie wychowania i r\u00f3\u017cnych sfer rozwoju, podejmuj\u0105c\ninicjatywy integruj\u0105ce \u015brodowisko lokalne i wsp\u00f3\u0142pracuj\u0105c z\ninstytucjami, kt\u00f3rych dzia\u0142ania statutowe s\u0105 zbli\u017cone lub\nzbie\u017cne.<\/p>\n\n\n\n<p>\tRodzice\naktywnie uczestnicz\u0105 w \u017cycie szko\u0142y, s\u0105 partnerami we wszystkich\npodejmowanych dzia\u0142aniach, wsp\u00f3\u0142tworz\u0105 prawo szkolne i programy,\nwspomagaj\u0105c ich realizacj\u0119, a tak\u017ce nowe formy zaj\u0105\u0107 wp\u0142ywaj\u0105ce\nna rozw\u00f3j fizyczny i kulturowy uczni\u00f3w. \n<\/p>\n\n\n\n<p>\nRealizacja zada\u0144 szkolnych\nmo\u017cliwa jest dzi\u0119ki odpowiedniej bazie materialnej: doskonale\nwyposa\u017conym pracowniom, nowoczesnym &#8211; pomocom dydaktycznym,\ndost\u0119powi do  wsp\u00f3\u0142czesnych \u017ar\u00f3de\u0142 wiedzy i poznania.<\/p>\n\n\n\n<h4 class=\"wp-block-heading\"><strong><code>KSZTA\u0141TOWANE  WARTO\u015aCI<\/code> <\/strong> <\/h4>\n\n\n\n<p>szacunek,<\/p>\n\n\n\n<p>prawda,<\/p>\n\n\n\n<p>dobro,<\/p>\n\n\n\n<p>poczucie\nw\u0142asnej godno\u015bci,<\/p>\n\n\n\n<p>tolerancja,<\/p>\n\n\n\n<p>przyja\u017a\u0144,\n\n<\/p>\n\n\n\n<p>patriotyzm.<\/p>\n","protected":false},"excerpt":{"rendered":"<p>Misja i wizja szko\u0142y TRADYCJA (SPORT) + 8. KOMPETENCJI KLUCZOWYCH = PROFILAKTYKA BEZPIECZE\u0143STWA \u201eSport sprzyja [&hellip;]<\/p>\n","protected":false},"author":1,"featured_media":0,"parent":0,"menu_order":0,"comment_status":"closed","ping_status":"closed","template":"","meta":{"footnotes":""},"class_list":["post-8730","page","type-page","status-publish","hentry"],"_links":{"self":[{"href":"https:\/\/sp1.kielce.eu\/index.php\/wp-json\/wp\/v2\/pages\/8730","targetHints":{"allow":["GET"]}}],"collection":[{"href":"https:\/\/sp1.kielce.eu\/index.php\/wp-json\/wp\/v2\/pages"}],"about":[{"href":"https:\/\/sp1.kielce.eu\/index.php\/wp-json\/wp\/v2\/types\/page"}],"author":[{"embeddable":true,"href":"https:\/\/sp1.kielce.eu\/index.php\/wp-json\/wp\/v2\/users\/1"}],"replies":[{"embeddable":true,"href":"https:\/\/sp1.kielce.eu\/index.php\/wp-json\/wp\/v2\/comments?post=8730"}],"version-history":[{"count":7,"href":"https:\/\/sp1.kielce.eu\/index.php\/wp-json\/wp\/v2\/pages\/8730\/revisions"}],"predecessor-version":[{"id":8738,"href":"https:\/\/sp1.kielce.eu\/index.php\/wp-json\/wp\/v2\/pages\/8730\/revisions\/8738"}],"wp:attachment":[{"href":"https:\/\/sp1.kielce.eu\/index.php\/wp-json\/wp\/v2\/media?parent=8730"}],"curies":[{"name":"wp","href":"https:\/\/api.w.org\/{rel}","templated":true}]}}