{"id":7717,"date":"2019-09-29T22:16:07","date_gmt":"2019-09-29T20:16:07","guid":{"rendered":"http:\/\/sp1.kielce.eu\/?page_id=7717"},"modified":"2026-03-04T11:48:07","modified_gmt":"2026-03-04T10:48:07","slug":"dla-rodzicow","status":"publish","type":"page","link":"https:\/\/sp1.kielce.eu\/index.php\/dla-rodzicow\/","title":{"rendered":"DLA RODZIC\u00d3W"},"content":{"rendered":"\n<p><a href=\"http:\/\/sp1.kielce.eu\/index.php\/rada-rodzicow\/\">Rada Rodzic\u00f3w<\/a><br><a href=\"http:\/\/sp1.kielce.eu\/index.php\/2021\/09\/06\/harmonogram-zebran-i-konsultacji-z-rodzicami-w-roku-szkolnym\/\">Harmonogram spotka\u0144 i konsultacji z rodzicami w roku szkolnym 2025\/2026<\/a><br><a href=\"https:\/\/sp1.kielce.eu\/wp-content\/uploads\/2025\/10\/wolnedni-2025-2026.pdf\">Dni wolne &#8211; 2025\/2026<\/a><\/p>\n\n\n\n<hr class=\"wp-block-separator has-alpha-channel-opacity is-style-wide\"\/>\n\n\n\n<h3 class=\"wp-block-heading\">ZAJ\u0118CIA POZALEKCYJNE:<\/h3>\n\n\n\n<p><a href=\"https:\/\/sp1.kielce.eu\/wp-content\/uploads\/2025\/10\/rozwijajace-2025-2026.pdf\">Zaj\u0119cia pozalekcyjne rozwijaj\u0105ce zainteresowania i uzdolnienia &#8211; 2025\/2026<\/a><br><a href=\"https:\/\/sp1.kielce.eu\/wp-content\/uploads\/2025\/10\/pomoc-psychologiczo-pedagogiczna-2025-2026.pdf\">Zaj\u0119cia z pomocy psychologiczno &#8211; pedagogicznej &#8211; 2025\/2026<\/a><br><\/p>\n\n\n\n<hr class=\"wp-block-separator has-alpha-channel-opacity is-style-wide\"\/>\n\n\n\n<p><a href=\"https:\/\/sp1.kielce.eu\/wp-content\/uploads\/2025\/02\/apteczka.pdf\">Apteczka PRAWNA dla Rodzic\u00f3w &#8211; &#8222;Twoje dziecko w sieci&#8221;<\/a><br><a href=\"http:\/\/sp1.kielce.eu\/wp-content\/uploads\/2022\/02\/jakrozmawiac.pdf\">Jak rozmawia\u0107 z dzie\u0107mi o wojnie? \u2013 informacje dla Rodzic\u00f3w\/Opiekun\u00f3w, Wychowawc\u00f3w\/Nauczycieli<\/a><br><a href=\"http:\/\/sp1.kielce.eu\/wp-content\/uploads\/2020\/02\/telefony-zaufania.pdf\">Telefony Zaufania<\/a><br><a href=\"http:\/\/sp1.kielce.eu\/wp-content\/uploads\/2020\/02\/wykaz_placowek.pdf\">Wykaz instytucji, w kt\u00f3rych mo\u017cna uzyska\u0107 pomoc psychologiczno-pedagogiczn\u0105, wychowawcz\u0105 i opieku\u0144cz\u0105<\/a><br><a href=\"http:\/\/sp1.kielce.eu\/index.php\/2019\/10\/21\/calodobowa-bezplatna-infolinia-dla-dzieci-mlodziezy-rodzicow-i-nauczycieli\/\">CA\u0141ODOBOWA BEZP\u0141ATNA INFOLINIA DLA DZIECI, M\u0141ODZIE\u017bY, RODZIC\u00d3W I NAUCZYCIELI<\/a><br><a href=\"http:\/\/sp1.kielce.eu\/index.php\/2019\/10\/21\/informacje-na-temat-zagrozen-ze-stosowaniem-elektroniczych-papierosow\/\">INFORMACJE NA TEMAT ZAGRO\u017bE\u0143 ZE STOSOWANIEM ELEKTRONICZYCH PAPIEROS\u00d3W<\/a><br><a href=\"http:\/\/sp1.kielce.eu\/wp-content\/uploads\/2023\/11\/przemocdomowa.pdf\">Grupa edukacyjna dla os\u00f3b doznaj\u0105cych przemocy domowej<\/a><\/p>\n\n\n\n<hr class=\"wp-block-separator has-alpha-channel-opacity is-style-wide\"\/>\n\n\n\n<h3 class=\"wp-block-heading\">EGZAMIN \u00d3SMOKLASISTY<\/h3>\n\n\n\n<p><a href=\"http:\/\/sp1.kielce.eu\/wp-content\/uploads\/2024\/09\/dostosowania_2024-2025.pdf\">Informacja dotycz\u0105ca trybu ustalania proponowanych dostosowa\u0144 podczas Egzaminu \u00d3smoklasisty w roku szkolnym 2025-2026<\/a><\/p>\n\n\n\n<hr class=\"wp-block-separator has-alpha-channel-opacity is-style-wide\"\/>\n\n\n\n<h3 class=\"wp-block-heading\">INSTRUKCJE DO DZIENNIKA ELEKTRONICZNEGO VULCAN UONET+ <br>(aktywacja konta i logowanie do e-dziennika Vulcan)<\/h3>\n\n\n\n<p>Prosz\u0119 zapozna\u0107 si\u0119 z instrukcjami dla rodzic\u00f3w i uczni\u00f3w<br><a href=\"https:\/\/str-arch.vulcan.edu.pl\/vulcang_files\/user\/AABW\/AABW-filmy\/uonetplus\/fup_012-haslo.mp4?_gl=1*sl4elo*_ga*NTU5MjE0MDE5LjE2OTMyNTI2ODI.*_ga_XPBK45R2TN*MTY5MzkzMDI1OS43LjAuMTY5MzkzMDI1OS42MC4wLjA.\">Jak po raz pierwszy zalogowa\u0107 si\u0119 do e-dziennika UONET+<\/a><br><a href=\"https:\/\/www.youtube.com\/watch?v=LkcWmHJvnDc&amp;t=1s\">Chcesz mie\u0107 e-dziennik w swoim telefonie? U\u017cywaj aplikacji Dzienniczek VULCAN!<\/a><br><br><a href=\"https:\/\/www.vulcan.edu.pl\/strona.php\/269_edziennik_dla_rodzicow_instrukcja.html\">INSTRUKCJA<\/a><br>Adres strony internetowej e-dziennika<br><a href=\"https:\/\/uonetplus.vulcan.net.pl\/kielce\/\">https:\/\/uonetplus.vulcan.net.pl\/kielce\/<\/a><\/p>\n\n\n\n<p>WA\u017bNE!<br><a href=\"https:\/\/www.youtube.com\/watch?v=ekbAbLu760Y\">Jak odzyska\u0107 has\u0142o do e-dziennika UONET+ firmy VULCAN<\/a><\/p>\n\n\n\n<hr class=\"wp-block-separator has-alpha-channel-opacity is-style-wide\"\/>\n\n\n\n<h3 class=\"wp-block-heading\">TEAMS<\/h3>\n\n\n\n<p><a href=\"http:\/\/sp1.kielce.eu\/wp-content\/uploads\/2020\/10\/instrukcja-rozmowy-indywidualne.pdf\">Instrukcja do rozm\u00f3w indywidualnych<\/a><br><a href=\"http:\/\/sp1.kielce.eu\/wp-content\/uploads\/2020\/10\/instrukcja-zebrania-rodzic.pdf\">Instrukcja do zebra\u0144 z rodzicami<\/a><br><a href=\"http:\/\/sp1.kielce.eu\/wp-content\/uploads\/2020\/10\/instrukcjaStudent123.pdf\">Instrukcja rejestracji do us\u0142ug Office 365 i Teams<\/a><br><a href=\"http:\/\/sp1.kielce.eu\/wp-content\/uploads\/2020\/04\/przypominamy-o-zasadach-bezpiecznej-pracy-w-sieci.pdf\">Przypominamy o zasadach bezpiecznej pracy w sieci<\/a><br><a href=\"http:\/\/sp1.kielce.eu\/wp-content\/uploads\/2020\/03\/wskazowki-higiena-pracy-nauka-w-domu..pdf\">Wskaz\u00f3wki dotycz\u0105ce bezpiecze\u0144stwa i higieny pracy \u2013 nauki w domu<\/a><\/p>\n\n\n\n<hr class=\"wp-block-separator has-alpha-channel-opacity is-style-wide\"\/>\n\n\n\n<h3 class=\"wp-block-heading\">DRUKI<\/h3>\n\n\n\n<p><a href=\"http:\/\/sp1.kielce.eu\/wp-content\/uploads\/2020\/03\/WNIOSEK__o_nauczanie__indywidualne2.pdf\">Wniosek o nauczanie indywidualne<\/a><br><a href=\"http:\/\/sp1.kielce.eu\/wp-content\/uploads\/2019\/10\/RELIGIA_OSWIADCZENIE_RODZICOW_UCZESZCZANIE.pdf\">O\u015bwiadczenie rodzic\u00f3w o ucz\u0119szczaniu dziecka na lekcje religii<\/a><br><a href=\"http:\/\/sp1.kielce.eu\/wp-content\/uploads\/2021\/09\/brakzgodywdz.pdf\">O\u015bwiadczenie rodzic\u00f3w o nieucz\u0119szczaniu dziecka na zaj\u0119cia WD\u017b<\/a><br><a href=\"http:\/\/sp1.kielce.eu\/wp-content\/uploads\/2019\/11\/tenis-regulamin.pdf\">Regulamin korzystania ze sto\u0142\u00f3w do tenisa sto\u0142owego<\/a><\/p>\n\n\n\n<hr class=\"wp-block-separator has-alpha-channel-opacity is-style-wide\"\/>\n\n\n\n<h3 class=\"wp-block-heading\">REGULAMINY I PROCEDURY<\/h3>\n\n\n\n<p><a href=\"https:\/\/sp1.kielce.eu\/wp-content\/uploads\/2025\/10\/procedury.pdf\">Procedury przebywania os\u00f3b na terenie szko\u0142y<\/a><br><a href=\"https:\/\/sp1.kielce.eu\/index.php\/statut\/\">Statut Szko\u0142y Podstawowej nr 1 im. Stanis\u0142awa Staszica w Kielcach<\/a><br><a href=\"http:\/\/sp1.kielce.eu\/wp-content\/uploads\/2022\/09\/Wytyczne_zachowania_bezpieczenstwa_zdrowotnego_MEiN_MZ_i_GIS_dla_szkol_i_placowek_2022_2023.pdf\">Nowe &#8222;Wytyczne zachowania bezpiecze\u0144stwa zdrowotnego&#8221; opracowane przez MEiN MZ i GIS w roku szkolnym 2022\/2023<\/a><br><a href=\"http:\/\/sp1.kielce.eu\/wp-content\/uploads\/2021\/08\/procedury-bezpieczenstwa-01092021.pdf\">Procedury bezpiecze\u0144stwa w zwi\u0105zku z konieczno\u015bci\u0105 stosowania podwy\u017cszonego re\u017cimu sanitarnego, zwi\u0105zanego ze stanem epidemicznym w kraju w Szkole Podstawowej nr 1 Stanis\u0142awa Staszica w Kielcach<\/a><br><a href=\"http:\/\/sp1.kielce.eu\/wp-content\/uploads\/2019\/11\/bilard-regulamin.pdf\">Regulamin korzystania ze sto\u0142\u00f3w do gry w bilard<\/a><br><a href=\"http:\/\/sp1.kielce.eu\/wp-content\/uploads\/2020\/02\/szafki.pdf\">Regulamin korzystania z szafek uczniowskich<\/a><br><a href=\"http:\/\/sp1.kielce.eu\/wp-content\/uploads\/2023\/01\/regulaminszatni.pdf\">Regulamin szatni szkolnej<\/a><br><a href=\"http:\/\/sp1.kielce.eu\/wp-content\/uploads\/2021\/09\/procedury-dziecko-przewlekle-chore.pdf\">Procedury post\u0119powania z uczniem przewlekle chorym w Szkole Podstawowej nr1 im. Stanis\u0142awa Staszica w Kielcach<\/a><br><a href=\"http:\/\/sp1.kielce.eu\/wp-content\/uploads\/2019\/10\/Procedura-obs%C5%82ugi-i-korzystania-z-monitoringu-SP1.pdf\">Procedura obs\u0142ugi i korzystania z monitoringu SP1<\/a><\/p>\n\n\n\n<hr class=\"wp-block-separator has-alpha-channel-opacity is-style-wide\"\/>\n\n\n\n<h3 class=\"wp-block-heading\">OPIEKA MEDYCZNA I STOMATOLOGICZNA<\/h3>\n\n\n\n<p><a href=\"http:\/\/sp1.kielce.eu\/wp-content\/uploads\/2020\/01\/stomatolog.pdf\">Szkolny stomatolog<\/a><br><a href=\"http:\/\/sp1.kielce.eu\/wp-content\/uploads\/2020\/01\/sprzeciw-rodzic%C3%B3w.pdf\">Sprzeciw wobec obj\u0119cia ucznia opiek\u0105 profilaktyczn\u0105 &#8211; pobierz druk<\/a><br><a href=\"http:\/\/sp1.kielce.eu\/index.php\/2021\/11\/24\/22-26-listopada-dni-honorowego-krwiodawstwa-pck\/\">Dni Honorowego Krwiodawstwa PCK<\/a><\/p>\n\n\n\n<hr class=\"wp-block-separator has-alpha-channel-opacity is-style-wide\"\/>\n\n\n\n<h3 class=\"wp-block-heading\">BEZPIECZE\u0143STWO A STAN ZAGRO\u017bENIA EPIDEMIOLOGICZNEGO<\/h3>\n\n\n\n<p><a href=\"http:\/\/sp1.kielce.eu\/wp-content\/uploads\/2020\/11\/regulamin-nauka-zdalna.pdf\">Regulamin &#8211; nauka zdalna<\/a><br><a href=\"http:\/\/sp1.kielce.eu\/wp-content\/uploads\/2020\/11\/regulamin-nauka-zdalna.pdf\">Regulamin zaj\u0119\u0107 prowadzonych w formie online w Szkole Podstawowej nr 1 im. Stanis\u0142awa Staszica w Kielcach<\/a><br><a rel=\"noreferrer noopener\" href=\"http:\/\/sp1.kielce.eu\/wp-content\/uploads\/2020\/05\/biblioteka.pdf\" target=\"_blank\">Nowe zasady korzystania z biblioteki szkolnej<\/a><br><a rel=\"noreferrer noopener\" href=\"http:\/\/sp1.kielce.eu\/wp-content\/uploads\/2021\/01\/wytycznegismzimendotyczacetransportu.pdf\" target=\"_blank\">Zasady bezpiecznego korzystania z pojazd\u00f3w publicznego transportu zbiorowego w trakcie epidemii SARS-CoV-2 w Polsce \u2013 wytyczne MI i GIS<\/a><br><a href=\"http:\/\/sp1.kielce.eu\/wp-content\/uploads\/2020\/05\/hands.png\">Jak prawid\u0142owo na\u0142o\u017cy\u0107 i zdj\u0105\u0107 r\u0119kawice<\/a><br><a href=\"http:\/\/sp1.kielce.eu\/wp-content\/uploads\/2020\/05\/telefony.pdf\">Numery telefon\u00f3w instytucji z kt\u00f3rymi nale\u017cy si\u0119 skontaktowa\u0107 w przypadku stwierdzenia objaw\u00f3w chorobowych u osoby znajduj\u0105cej si\u0119 na terenie SP nr 1<\/a><br><a href=\"http:\/\/sp1.kielce.eu\/wp-content\/uploads\/2020\/04\/dziecko-i-koronawirus.pdf\">Dziecko i koronawirus<\/a><br><a href=\"http:\/\/sp1.kielce.eu\/wp-content\/uploads\/2020\/03\/sanepid.pdf\">Informacja G\u0142\u00f3wnego Inspektora Sanitarnego w zwi\u0105zku z potencjalnym ryzykiem zaka\u017cenia koronawirusem, Warszawa, 27.02.2020r.<\/a><\/p>\n\n\n\n<hr class=\"wp-block-separator has-alpha-channel-opacity is-style-wide\"\/>\n","protected":false},"excerpt":{"rendered":"<p>Rada Rodzic\u00f3wHarmonogram spotka\u0144 i konsultacji z rodzicami w roku szkolnym 2025\/2026Dni wolne &#8211; 2025\/2026 ZAJ\u0118CIA [&hellip;]<\/p>\n","protected":false},"author":1,"featured_media":0,"parent":0,"menu_order":0,"comment_status":"closed","ping_status":"closed","template":"","meta":{"footnotes":""},"class_list":["post-7717","page","type-page","status-publish","hentry"],"_links":{"self":[{"href":"https:\/\/sp1.kielce.eu\/index.php\/wp-json\/wp\/v2\/pages\/7717","targetHints":{"allow":["GET"]}}],"collection":[{"href":"https:\/\/sp1.kielce.eu\/index.php\/wp-json\/wp\/v2\/pages"}],"about":[{"href":"https:\/\/sp1.kielce.eu\/index.php\/wp-json\/wp\/v2\/types\/page"}],"author":[{"embeddable":true,"href":"https:\/\/sp1.kielce.eu\/index.php\/wp-json\/wp\/v2\/users\/1"}],"replies":[{"embeddable":true,"href":"https:\/\/sp1.kielce.eu\/index.php\/wp-json\/wp\/v2\/comments?post=7717"}],"version-history":[{"count":194,"href":"https:\/\/sp1.kielce.eu\/index.php\/wp-json\/wp\/v2\/pages\/7717\/revisions"}],"predecessor-version":[{"id":41174,"href":"https:\/\/sp1.kielce.eu\/index.php\/wp-json\/wp\/v2\/pages\/7717\/revisions\/41174"}],"wp:attachment":[{"href":"https:\/\/sp1.kielce.eu\/index.php\/wp-json\/wp\/v2\/media?parent=7717"}],"curies":[{"name":"wp","href":"https:\/\/api.w.org\/{rel}","templated":true}]}}