{"id":74,"date":"2017-03-03T22:16:03","date_gmt":"2017-03-03T21:16:03","guid":{"rendered":"http:\/\/sp1.kielce.eu\/?page_id=74"},"modified":"2018-10-26T18:22:51","modified_gmt":"2018-10-26T16:22:51","slug":"uczniowie","status":"publish","type":"page","link":"https:\/\/sp1.kielce.eu\/index.php\/uczniowie\/","title":{"rendered":"Uczniowie"},"content":{"rendered":"<p><script>\n  (function(i,s,o,g,r,a,m){i['GoogleAnalyticsObject']=r;i[r]=i[r]||function(){\n  (i[r].q=i[r].q||[]).push(arguments)},i[r].l=1*new Date();a=s.createElement(o),\n  m=s.getElementsByTagName(o)[0];a.async=1;a.src=g;m.parentNode.insertBefore(a,m)\n  })(window,document,'script','https:\/\/www.google-analytics.com\/analytics.js','ga');<\/p>\n<p>  ga('create', 'UA-93996119-1', 'auto');\n  ga('send', 'pageview');<\/p>\n<p><\/script><\/p>\n<h3><a href=\"http:\/\/sp1.kielce.eu\/index.php\/uczniowie\/uczniowie-20182019\/\">2018\/2019<\/a><\/h3>\n<h3><a href=\"http:\/\/sp1.kielce.eu\/index.php\/uczniowie\/uczniowie-20172018\/\">2017\/2018<\/a><\/h3>\n<h3><a href=\"http:\/\/sp1.kielce.eu\/index.php\/uczniowie\/uczniowie-20162017\/\">2016\/2017<\/a><\/h3>\n<p>Zdj\u0119cia uczni\u00f3w z poprzednich lat znajduj\u0105 si\u0119 w archiwum starej strony internetowej (g\u00f3rne menu &#8211; ARCHIWUM).<\/p>\n","protected":false},"excerpt":{"rendered":"<p>2018\/2019 2017\/2018 2016\/2017 Zdj\u0119cia uczni\u00f3w z poprzednich lat znajduj\u0105 si\u0119 w archiwum starej strony internetowej [&hellip;]<\/p>\n","protected":false},"author":1,"featured_media":0,"parent":0,"menu_order":0,"comment_status":"closed","ping_status":"closed","template":"","meta":{"footnotes":""},"class_list":["post-74","page","type-page","status-publish","hentry"],"_links":{"self":[{"href":"https:\/\/sp1.kielce.eu\/index.php\/wp-json\/wp\/v2\/pages\/74","targetHints":{"allow":["GET"]}}],"collection":[{"href":"https:\/\/sp1.kielce.eu\/index.php\/wp-json\/wp\/v2\/pages"}],"about":[{"href":"https:\/\/sp1.kielce.eu\/index.php\/wp-json\/wp\/v2\/types\/page"}],"author":[{"embeddable":true,"href":"https:\/\/sp1.kielce.eu\/index.php\/wp-json\/wp\/v2\/users\/1"}],"replies":[{"embeddable":true,"href":"https:\/\/sp1.kielce.eu\/index.php\/wp-json\/wp\/v2\/comments?post=74"}],"version-history":[{"count":11,"href":"https:\/\/sp1.kielce.eu\/index.php\/wp-json\/wp\/v2\/pages\/74\/revisions"}],"predecessor-version":[{"id":5494,"href":"https:\/\/sp1.kielce.eu\/index.php\/wp-json\/wp\/v2\/pages\/74\/revisions\/5494"}],"wp:attachment":[{"href":"https:\/\/sp1.kielce.eu\/index.php\/wp-json\/wp\/v2\/media?parent=74"}],"curies":[{"name":"wp","href":"https:\/\/api.w.org\/{rel}","templated":true}]}}