{"id":7369,"date":"2019-09-17T15:21:58","date_gmt":"2019-09-17T13:21:58","guid":{"rendered":"http:\/\/sp1.kielce.eu\/?page_id=7369"},"modified":"2025-03-12T10:18:25","modified_gmt":"2025-03-12T09:18:25","slug":"rodo","status":"publish","type":"page","link":"https:\/\/sp1.kielce.eu\/index.php\/rodo\/","title":{"rendered":"RODO"},"content":{"rendered":"<p>Rozporz\u0105dzenie o Ochronie Danych Osobowych<\/p>\n<p><a href=\"http:\/\/sp1.kielce.eu\/wp-content\/uploads\/2021\/07\/polityka-prywatnosci2.pdf\" rel=\"attachment wp-att-5184\">Polityka prywatno\u015bci<\/a><\/p>\n<p><a href=\"http:\/\/sp1.kielce.eu\/wp-content\/uploads\/2021\/07\/informacja_dla_uczniow2.pdf\" rel=\"attachment wp-att-5185\">Informacja dla uczni\u00f3w<\/a><\/p>\n<p><a href=\"http:\/\/sp1.kielce.eu\/wp-content\/uploads\/2020\/02\/obiekt_monitorowany.pdf\">Obiekt monitorowany<\/a><\/p>\n<p><a href=\"http:\/\/sp1.kielce.eu\/wp-content\/uploads\/2021\/07\/Informacja-dla-osob-obietych-monitoringiem2.pdf\">Informacja dla os\u00f3b obj\u0119tych monitoringiem<\/a><\/p>\n<p><a href=\"http:\/\/sp1.kielce.eu\/wp-content\/uploads\/2021\/07\/informacje_o_ochronie.pdf\">Informacja o ochronie danych osobowych<\/a><\/p>\n<p>Zast\u0119pc\u0105 Inspektora Danych Osobowych w Szkole Podstawowej nr 1 im. Stanis\u0142awa Staszica w Kielcach jest pani Ewa Banach<\/p>\n<p>Kontakt IOD mo\u017cliwy jest pod numerem tel.: 41 367 64 65 lub za po\u015brednictwem e-maila: <a href=\"mailto:iod@sp1.kielce.eu\">iod@sp1.kielce.eu<\/a><\/p>\n","protected":false},"excerpt":{"rendered":"<p>Rozporz\u0105dzenie o Ochronie Danych Osobowych Polityka prywatno\u015bci Informacja dla uczni\u00f3w Obiekt monitorowany Informacja dla os\u00f3b [&hellip;]<\/p>\n","protected":false},"author":1,"featured_media":0,"parent":0,"menu_order":0,"comment_status":"closed","ping_status":"closed","template":"","meta":{"footnotes":""},"class_list":["post-7369","page","type-page","status-publish","hentry"],"_links":{"self":[{"href":"https:\/\/sp1.kielce.eu\/index.php\/wp-json\/wp\/v2\/pages\/7369","targetHints":{"allow":["GET"]}}],"collection":[{"href":"https:\/\/sp1.kielce.eu\/index.php\/wp-json\/wp\/v2\/pages"}],"about":[{"href":"https:\/\/sp1.kielce.eu\/index.php\/wp-json\/wp\/v2\/types\/page"}],"author":[{"embeddable":true,"href":"https:\/\/sp1.kielce.eu\/index.php\/wp-json\/wp\/v2\/users\/1"}],"replies":[{"embeddable":true,"href":"https:\/\/sp1.kielce.eu\/index.php\/wp-json\/wp\/v2\/comments?post=7369"}],"version-history":[{"count":12,"href":"https:\/\/sp1.kielce.eu\/index.php\/wp-json\/wp\/v2\/pages\/7369\/revisions"}],"predecessor-version":[{"id":37714,"href":"https:\/\/sp1.kielce.eu\/index.php\/wp-json\/wp\/v2\/pages\/7369\/revisions\/37714"}],"wp:attachment":[{"href":"https:\/\/sp1.kielce.eu\/index.php\/wp-json\/wp\/v2\/media?parent=7369"}],"curies":[{"name":"wp","href":"https:\/\/api.w.org\/{rel}","templated":true}]}}