{"id":59,"date":"2017-03-03T21:47:48","date_gmt":"2017-03-03T20:47:48","guid":{"rendered":"http:\/\/sp1.kielce.eu\/?page_id=59"},"modified":"2025-09-16T13:36:54","modified_gmt":"2025-09-16T11:36:54","slug":"obsluga","status":"publish","type":"page","link":"https:\/\/sp1.kielce.eu\/index.php\/obsluga\/","title":{"rendered":"Obs\u0142uga"},"content":{"rendered":"\n<p><script><br \/>\n  (function(i,s,o,g,r,a,m){i['GoogleAnalyticsObject']=r;i[r]=i[r]||function(){<br \/>\n  (i[r].q=i[r].q||[]).push(arguments)},i[r].l=1*new Date();a=s.createElement(o),<br \/>\n  m=s.getElementsByTagName(o)[0];a.async=1;a.src=g;m.parentNode.insertBefore(a,m)<br \/>\n  })(window,document,'script','https:\/\/www.google-analytics.com\/analytics.js','ga');<\/p>\n<p>  ga('create', 'UA-93996119-1', 'auto');<br \/>\n  ga('send', 'pageview');<\/p>\n<p><\/script><\/p>\n\n\n\n<figure class=\"wp-block-table\"><table><tbody><tr><td>sprz\u0105taczka<br>sprz\u0105taczka<br>sprz\u0105taczka<br>sprz\u0105taczka<br>sprz\u0105taczka<br>wo\u017ana<br>pomoc kuchenna<br>konserwator<\/td><td>Chlewicka Marzena<br>Kalwat Danuta<br>Kwiatkowska Krystyna<br>Nieduziak Aleksandra<br>Pankiewicz Joanna<br>Adach Beata<br>Karbownik Dorota<br>Kozie\u0142 Piotr<\/td><\/tr><\/tbody><\/table><\/figure>\n","protected":false},"excerpt":{"rendered":"<p>sprz\u0105taczkasprz\u0105taczkasprz\u0105taczkasprz\u0105taczkasprz\u0105taczkawo\u017anapomoc kuchennakonserwator Chlewicka MarzenaKalwat DanutaKwiatkowska KrystynaNieduziak AleksandraPankiewicz JoannaAdach BeataKarbownik DorotaKozie\u0142 Piotr<\/p>\n","protected":false},"author":1,"featured_media":0,"parent":0,"menu_order":0,"comment_status":"closed","ping_status":"closed","template":"","meta":{"footnotes":""},"class_list":["post-59","page","type-page","status-publish","hentry"],"_links":{"self":[{"href":"https:\/\/sp1.kielce.eu\/index.php\/wp-json\/wp\/v2\/pages\/59","targetHints":{"allow":["GET"]}}],"collection":[{"href":"https:\/\/sp1.kielce.eu\/index.php\/wp-json\/wp\/v2\/pages"}],"about":[{"href":"https:\/\/sp1.kielce.eu\/index.php\/wp-json\/wp\/v2\/types\/page"}],"author":[{"embeddable":true,"href":"https:\/\/sp1.kielce.eu\/index.php\/wp-json\/wp\/v2\/users\/1"}],"replies":[{"embeddable":true,"href":"https:\/\/sp1.kielce.eu\/index.php\/wp-json\/wp\/v2\/comments?post=59"}],"version-history":[{"count":18,"href":"https:\/\/sp1.kielce.eu\/index.php\/wp-json\/wp\/v2\/pages\/59\/revisions"}],"predecessor-version":[{"id":39281,"href":"https:\/\/sp1.kielce.eu\/index.php\/wp-json\/wp\/v2\/pages\/59\/revisions\/39281"}],"wp:attachment":[{"href":"https:\/\/sp1.kielce.eu\/index.php\/wp-json\/wp\/v2\/media?parent=59"}],"curies":[{"name":"wp","href":"https:\/\/api.w.org\/{rel}","templated":true}]}}