{"id":24669,"date":"2022-11-07T20:31:18","date_gmt":"2022-11-07T19:31:18","guid":{"rendered":"http:\/\/sp1.kielce.eu\/?page_id=24669"},"modified":"2022-11-07T20:32:56","modified_gmt":"2022-11-07T19:32:56","slug":"szkolny-stomatolog","status":"publish","type":"page","link":"https:\/\/sp1.kielce.eu\/index.php\/szkolny-stomatolog\/","title":{"rendered":"Szkolny stomatolog"},"content":{"rendered":"\n<figure class=\"wp-block-image size-large is-resized\"><img decoding=\"async\" src=\"http:\/\/sp1.kielce.eu\/wp-content\/uploads\/2020\/01\/stomatolog-636x900.jpg\" alt=\"\" class=\"wp-image-10769\" width=\"700\" srcset=\"https:\/\/sp1.kielce.eu\/wp-content\/uploads\/2020\/01\/stomatolog-636x900.jpg 636w, https:\/\/sp1.kielce.eu\/wp-content\/uploads\/2020\/01\/stomatolog-212x300.jpg 212w, https:\/\/sp1.kielce.eu\/wp-content\/uploads\/2020\/01\/stomatolog-768x1086.jpg 768w, https:\/\/sp1.kielce.eu\/wp-content\/uploads\/2020\/01\/stomatolog.jpg 794w\" sizes=\"(max-width: 636px) 100vw, 636px\" \/><\/figure>\n\n\n\n<p>Rodzice maj\u0105 prawo wyboru innego miejsca udzielania \u015bwiadcze\u0144 stomatologicznych przez lekarza dentyst\u0119.<\/p>\n","protected":false},"excerpt":{"rendered":"<p>Rodzice maj\u0105 prawo wyboru innego miejsca udzielania \u015bwiadcze\u0144 stomatologicznych przez lekarza dentyst\u0119.<\/p>\n","protected":false},"author":1,"featured_media":0,"parent":0,"menu_order":0,"comment_status":"closed","ping_status":"closed","template":"","meta":{"footnotes":""},"class_list":["post-24669","page","type-page","status-publish","hentry"],"_links":{"self":[{"href":"https:\/\/sp1.kielce.eu\/index.php\/wp-json\/wp\/v2\/pages\/24669","targetHints":{"allow":["GET"]}}],"collection":[{"href":"https:\/\/sp1.kielce.eu\/index.php\/wp-json\/wp\/v2\/pages"}],"about":[{"href":"https:\/\/sp1.kielce.eu\/index.php\/wp-json\/wp\/v2\/types\/page"}],"author":[{"embeddable":true,"href":"https:\/\/sp1.kielce.eu\/index.php\/wp-json\/wp\/v2\/users\/1"}],"replies":[{"embeddable":true,"href":"https:\/\/sp1.kielce.eu\/index.php\/wp-json\/wp\/v2\/comments?post=24669"}],"version-history":[{"count":4,"href":"https:\/\/sp1.kielce.eu\/index.php\/wp-json\/wp\/v2\/pages\/24669\/revisions"}],"predecessor-version":[{"id":24675,"href":"https:\/\/sp1.kielce.eu\/index.php\/wp-json\/wp\/v2\/pages\/24669\/revisions\/24675"}],"wp:attachment":[{"href":"https:\/\/sp1.kielce.eu\/index.php\/wp-json\/wp\/v2\/media?parent=24669"}],"curies":[{"name":"wp","href":"https:\/\/api.w.org\/{rel}","templated":true}]}}