{"id":24621,"date":"2022-11-03T19:43:59","date_gmt":"2022-11-03T18:43:59","guid":{"rendered":"http:\/\/sp1.kielce.eu\/?page_id=24621"},"modified":"2026-03-06T17:47:15","modified_gmt":"2026-03-06T16:47:15","slug":"psycholog-szkolny","status":"publish","type":"page","link":"https:\/\/sp1.kielce.eu\/index.php\/psycholog-szkolny\/","title":{"rendered":"Psycholog szkolny"},"content":{"rendered":"\n<p>mgr Anna Pilkiewicz<\/p>\n\n\n\n<figure class=\"wp-block-table\"><table><tbody><tr><td>Poniedzia\u0142ek<\/td><td>09.00 &#8211; 14.00<\/td><\/tr><tr><td>Wtorek<\/td><td>08:00 &#8211; 12:00<\/td><\/tr><tr><td>\u015aroda<\/td><td>09.00 &#8211; 14.00<\/td><\/tr><tr><td>Czwartek<\/td><td>08:00 &#8211; 12:00<\/td><\/tr><tr><td>Pi\u0105tek<\/td><td>09:00 &#8211; 13:00<\/td><\/tr><\/tbody><\/table><\/figure>\n\n\n\n<p><strong>Uczniu:<\/strong><\/p>\n\n\n\n<p>Do psychologa mo\u017cesz przyj\u015b\u0107 zawsze gdy potrzebujesz porozmawia\u0107 o swoim samopoczuciu, emocjach, do\u015bwiadczeniach. Gdy potrzebujesz porady, wsparcia b\u0105d\u017a po prostu odseparowania si\u0119 na chwilk\u0119 podczas trudnej sytuacji. Psycholog jest osob\u0105, kt\u00f3rej mo\u017cna zaufa\u0107! Wszystko co mu powiesz jest u niego bezpieczne.<br>U psychologa zawsze mo\u017cesz by\u0107 sob\u0105! \ud83d\ude42<\/p>\n\n\n\n<p><strong>Rodzicu:<\/strong><\/p>\n\n\n\n<p>Do psychologa mo\u017cesz zwr\u00f3ci\u0107 si\u0119 w momencie:<br>\u2022 potrzeby indywidualnej rozmowy na temat dziecka<br>\u2022 po porad\u0119 i konsultacj\u0119 w sprawach wychowawczych;<br>\u2022 po wsparcie w trudnych sytuacjach, pomoc w skierowaniu rodzic\u00f3w do specjalistycznych plac\u00f3wek<br>\u2022 w sprawie udzielania informacji zwrotnych na temat rozwoju, post\u0119p\u00f3w i funkcjonowania dziecka,<br>\u2022 w sprawie dzia\u0142a\u0144 o charakterze psychoedukacyjnym (konsultacje)<\/p>\n\n\n\n<p><strong>Zapraszam!<br><\/strong>Gabinet psychologa mie\u015bci si\u0119 na parterze, tu\u017c obok sekretariatu.<br>Kontakt r\u00f3wnie\u017c za po\u015brednictwem:<br>Tel. 41 367 64 75<br>e-mail \u2013 psycholog@sp1.kielce.eu<\/p>\n\n\n\n<figure class=\"wp-block-gallery has-nested-images columns-default is-cropped wp-block-gallery-1 is-layout-flex wp-block-gallery-is-layout-flex\">\n<figure class=\"wp-block-image size-large\"><a href=\"http:\/\/sp1.kielce.eu\/wp-content\/uploads\/2023\/09\/psycholog.png\"><img loading=\"lazy\" decoding=\"async\" width=\"636\" height=\"900\" data-id=\"29943\" src=\"http:\/\/sp1.kielce.eu\/wp-content\/uploads\/2023\/09\/psycholog-636x900.png\" alt=\"\" class=\"wp-image-29943\" srcset=\"https:\/\/sp1.kielce.eu\/wp-content\/uploads\/2023\/09\/psycholog-636x900.png 636w, https:\/\/sp1.kielce.eu\/wp-content\/uploads\/2023\/09\/psycholog-212x300.png 212w, https:\/\/sp1.kielce.eu\/wp-content\/uploads\/2023\/09\/psycholog-768x1086.png 768w, https:\/\/sp1.kielce.eu\/wp-content\/uploads\/2023\/09\/psycholog-1086x1536.png 1086w, https:\/\/sp1.kielce.eu\/wp-content\/uploads\/2023\/09\/psycholog-820x1160.png 820w, https:\/\/sp1.kielce.eu\/wp-content\/uploads\/2023\/09\/psycholog.png 1414w\" sizes=\"auto, (max-width: 636px) 100vw, 636px\" \/><\/a><\/figure>\n<\/figure>\n","protected":false},"excerpt":{"rendered":"<p>mgr Anna Pilkiewicz Poniedzia\u0142ek 09.00 &#8211; 14.00 Wtorek 08:00 &#8211; 12:00 \u015aroda 09.00 &#8211; 14.00 [&hellip;]<\/p>\n","protected":false},"author":1,"featured_media":0,"parent":0,"menu_order":0,"comment_status":"closed","ping_status":"closed","template":"","meta":{"footnotes":""},"class_list":["post-24621","page","type-page","status-publish","hentry"],"_links":{"self":[{"href":"https:\/\/sp1.kielce.eu\/index.php\/wp-json\/wp\/v2\/pages\/24621","targetHints":{"allow":["GET"]}}],"collection":[{"href":"https:\/\/sp1.kielce.eu\/index.php\/wp-json\/wp\/v2\/pages"}],"about":[{"href":"https:\/\/sp1.kielce.eu\/index.php\/wp-json\/wp\/v2\/types\/page"}],"author":[{"embeddable":true,"href":"https:\/\/sp1.kielce.eu\/index.php\/wp-json\/wp\/v2\/users\/1"}],"replies":[{"embeddable":true,"href":"https:\/\/sp1.kielce.eu\/index.php\/wp-json\/wp\/v2\/comments?post=24621"}],"version-history":[{"count":10,"href":"https:\/\/sp1.kielce.eu\/index.php\/wp-json\/wp\/v2\/pages\/24621\/revisions"}],"predecessor-version":[{"id":41192,"href":"https:\/\/sp1.kielce.eu\/index.php\/wp-json\/wp\/v2\/pages\/24621\/revisions\/41192"}],"wp:attachment":[{"href":"https:\/\/sp1.kielce.eu\/index.php\/wp-json\/wp\/v2\/media?parent=24621"}],"curies":[{"name":"wp","href":"https:\/\/api.w.org\/{rel}","templated":true}]}}