{"id":179,"date":"2017-03-05T14:09:18","date_gmt":"2017-03-05T13:09:18","guid":{"rendered":"http:\/\/sp1.kielce.eu\/?page_id=179"},"modified":"2025-11-24T21:53:03","modified_gmt":"2025-11-24T20:53:03","slug":"uczen-roku","status":"publish","type":"page","link":"https:\/\/sp1.kielce.eu\/index.php\/uczen-roku\/","title":{"rendered":"Ucze\u0144 roku"},"content":{"rendered":"\n<figure class=\"wp-block-table\"><table><tbody><tr><td>Rok szkolny<\/td><td>Imi\u0119 i nazwisko<\/td><\/tr><tr><td>2024-2025<\/td><td>Julia Graba<br>Amelia Stycze\u0144<br>Lena Kr\u00f3l<br>Pawe\u0142 Hunek<br>Bartosz Toporowski<br>Franciszek Banasik<\/td><\/tr><tr><td>2023-2024<\/td><td>Julia Graba<br>Pawe\u0142 Hunek<br>Franciszek Banasik<\/td><\/tr><tr><td>2022-2023<\/td><td>Kamil Mazur<br>Maciej Kazusek<br>Katarzyna Ko\u0142cz<br>Karolina Plech<br>Bartosz Lisowski<br>Julia Graba<br>Franciszek Banasik<\/td><\/tr><tr><td>2021-2022<\/td><td>Eryk Kubicki<br>Julia Graba<\/td><\/tr><tr><td>2020-2021<\/td><td>Wojciech Graba<br>Cezary Kromer<br>Kamil Mazur<\/td><\/tr><tr><td>2019-2020<\/td><td>Bianka Be\u0144<br>Wojciech Graba<\/td><\/tr><tr><td>2018-2019<\/td><td>Zuzanna Zieli\u0144ska<br>Anna Ko\u0142ton<br>Anna Wieczorek<br>Wojciech Graba<br>Oliwia Glita<br>Natalia Jantarska<br>Dorota Piwko<br>Marcelina K\u0119pa<br>Maja Choi\u0144ska<br>Ma\u0142gorzata Cedro<br>Kamil Mazur<\/td><\/tr><tr><td>2017-2018<\/td><td>Agata Borycka<br>Hanna Kwieci\u0144ska<br>Anna Ko\u0142ton<br>Piotr Ga\u0142a<br>Wojciech Graba<br>Natalia Jantarska<br>Marcelina K\u0119pa<\/td><\/tr><tr><td>2016-2017<\/td><td>&#8212;&#8212;&#8212;&#8212;&#8212;-<\/td><\/tr><tr><td>2015-2016<\/td><td>Oliwia Ob\u0142\u0105k<br>Hanna Pisarczyk<\/td><\/tr><tr><td>2014-2015<\/td><td>Magdalena Ga\u0142a<\/td><\/tr><tr><td>2013-2014<\/td><td>Piotr Sieczka<\/td><\/tr><tr><td>2012-2013<\/td><td>Zuzanna Kusiak<br>Martyna Michalik<\/td><\/tr><tr><td>2011-2012<\/td><td>Natan Barwi\u0144ski<\/td><\/tr><tr><td>2010-2011<\/td><td>Aleksandra Ga\u0142kiewicz<\/td><\/tr><tr><td>2009-2010<\/td><td>Patrycja Czekaj<\/td><\/tr><tr><td>2008-2009<\/td><td>Magdalena Misztal<\/td><\/tr><tr><td>2007-2008<\/td><td>Przemys\u0142aw Bia\u0142o\u0144<br>Kamila Borto<br>Joanna Dreczka<br>Katarzyna Majchrzak<br>Sebastian Pietrala<br>Daria Szota<\/td><\/tr><tr><td>2006-2007<\/td><td>Magda Dudzik<br>Monika Pytlewska<br>Katarzyna Ole\u015b<br>Marta Futrak<\/td><\/tr><tr><td>2005-2006<\/td><td>Magdalena Drezno<br>Wojciech \u0106wiek<\/td><\/tr><tr><td>2004-2005<\/td><td>Dominika Nowak<br>Tomasz Zgiep<\/td><\/tr><tr><td>2003-2004<\/td><td>Zuzanna Gajek<br>Aneta Wrona<\/td><\/tr><tr><td>2002-2003<\/td><td>Agnieszka Utrutko<\/td><\/tr><tr><td>2001-2002<\/td><td>\u017baklina Skowro\u0144ska<\/td><\/tr><tr><td>2000-2001<\/td><td>Szymon Sarna<\/td><\/tr><tr><td>1999-2000<\/td><td>Szymon Urban<br>Szymon \u017baba-\u017babi\u0144ski<\/td><\/tr><tr><td>1998-1999<\/td><td>Wojciech Derek<\/td><\/tr><tr><td>1997-1998<\/td><td>Ma\u0142gorzata Rosolak<\/td><\/tr><tr><td>1996-1997<\/td><td>Tomasz Czapla<\/td><\/tr><tr><td>1995-1996<\/td><td>Karol \u017bukowski<\/td><\/tr><tr><td>1994-1995<\/td><td>Paulina \u015awi\u0119cicka<\/td><\/tr><tr><td>1993-1994<\/td><td>Ewa Lato<\/td><\/tr><tr><td>1992-1993<\/td><td>Micha\u0142 Rykowski<\/td><\/tr><tr><td>1991-1992<\/td><td>Beata Szwarc<\/td><\/tr><tr><td>1990-1991<\/td><td>Inga J\u00f3\u017awik<br>Pawe\u0142 Tambor<\/td><\/tr><tr><td>1989-1990<\/td><td>Paulina Rok<br>Adam Misiorek<\/td><\/tr><tr><td>1988-1989<\/td><td>Adam Go\u0142\u0105b<\/td><\/tr><tr><td>1987-1988<\/td><td>Rafa\u0142 Lu\u017cy\u0144ski<\/td><\/tr><tr><td>1986-1987<\/td><td>Marcin Malicki<\/td><\/tr><tr><td>1985-1986<\/td><td>Grzegorz Buchcic<\/td><\/tr><\/tbody><\/table><\/figure>\n\n\n\n<h5 class=\"wp-block-heading\"><strong>Nagroda Staszicowska<\/strong><\/h5>\n\n\n\n<figure class=\"wp-block-table\"><table><tbody><tr><td>Rok szkolny<\/td><td>Imi\u0119 i nazwisko<\/td><\/tr><tr><td>2024-2025<\/td><td>Julia Graba<br>Pawe\u0142 Hunek<br>Piotr Bujak<br>Borys Bujak<br>Jakub Saletra<\/td><\/tr><tr><td>2023-2024<\/td><td>&#8212;&#8212;&#8212;&#8212;&#8212;-<\/td><\/tr><tr><td>2022-2023<\/td><td>Kamil Mazur<br>Bartosz Lisowski<\/td><\/tr><tr><td>2021-2022<\/td><td>&#8212;&#8212;&#8212;&#8212;&#8212;-<\/td><\/tr><tr><td>2020-2021<\/td><td>Wojciech Graba<\/td><\/tr><tr><td>2019-2020<\/td><td>&#8212;&#8212;&#8212;&#8212;&#8212;-<\/td><\/tr><tr><td>2018-2019<\/td><td>Agata Borycka<br>Anna Ko\u0142ton<br>Dawid Wypych<\/td><\/tr><tr><td>2017-2018<\/td><td>&#8212;&#8212;&#8212;&#8212;&#8212;-<\/td><\/tr><tr><td>2016-2017<\/td><td>&#8212;&#8212;&#8212;&#8212;&#8212;-<\/td><\/tr><tr><td>2015-2016<\/td><td>Grzegorz Baniak<br>Oliwia Ob\u0142\u0105k<br>Hanna Pisarczyk<\/td><\/tr><tr><td>2014-2015<\/td><td>Magdalena Ga\u0142a<br>Olga Pytlewska<\/td><\/tr><tr><td>2013-2014<\/td><td>Aleksandra Bator<br>Cyprian Nawara<\/td><\/tr><tr><td>2012-2013<\/td><td>Karolina Jastrz\u0119bska<br>Zuzanna Kusiak<br>Jan Matla<br>Ma\u0142gorzata Misztal<\/td><\/tr><tr><td>2011-2012<\/td><td>Natan Barwi\u0144ski<br>Dominika \u0141uc<br>Patryk Pietrala<\/td><\/tr><tr><td>2010-2011<\/td><td>Dominika \u0141uc<br>Patryk Pietrala<\/td><\/tr><tr><td>2009-2010<\/td><td>Wioletta Dorobek<br>Maria Hermanowska<br>Maria Kotulska<br>Julia Michalik<br>Katarzyna Potocka<\/td><\/tr><tr><td>2008-2009<\/td><td>Magdalena Misztal<br>Wiktor Dziubek<br>Kamila Fijo\u0142ek<br>Miko\u0142aj Matla<br>Micha\u0142 Majchrzak<br>Patrycja Tomasiak<\/td><\/tr><tr><td>2007-2008<\/td><td>Przemys\u0142aw Bia\u0142o\u0144<br>Joanna Dreczka<br>Wiktoria Nawara<\/td><\/tr><tr><td>2006-2007<\/td><td>Magda Dudzik<br>Monika Pytlewska<br>Katarzyna Ole\u015b<br>Marta Futrak<\/td><\/tr><tr><td>2005-2006<\/td><td>Magdalena Drezno<\/td><\/tr><tr><td>2004-2005<\/td><td>brak<\/td><\/tr><tr><td>2003-2004<\/td><td>Zuzanna Gajek<\/td><\/tr><tr><td>2002-2003<\/td><td>Agnieszka Utrutko<\/td><\/tr><\/tbody><\/table><\/figure>\n\n\n\n<h5 class=\"wp-block-heading\"><strong>Sportowiec Roku<\/strong><\/h5>\n\n\n\n<figure class=\"wp-block-table\"><table><tbody><tr><td>Rok szkolny<\/td><td>Imi\u0119 i nazwisko<\/td><\/tr><tr><td>2024-2025<\/td><td>Aleksandra Karpacz\u00a0<br>Aleksandra R\u0119bi\u015b\u00a0<br>Zuzanna Konecka\u00a0 \u00a0<br>Aleksandra Basiak\u00a0<br>Magdalena Religa \u00a0\u00a0<br>Pola Wotli\u0144ska\u00a0 \u00a0 \u00a0 \u00a0 \u00a0<br>Joanna Musia\u0142\u00a0<br>Marcelina Graba\u00a0<br>Zuzanna Chechelska\u00a0<br>Filip B\u0105k<br>Pawe\u0142 Hunek<br>Lidia Brama<br>Izabela Kubicka<br>Zofia So\u0142tysiak\u00a0<br>Maja Szyma\u0144ska<\/td><\/tr><tr><td>2023-2024<\/td><td>Kinga Wypych<br>Natalia Czy\u017c<br>Nina Kozak<\/td><\/tr><tr><td>2022-2023<\/td><td>Adam Walasek<br>Franciszek Regucki<br>Pawe\u0142 Hunek<br>Aleksander Kowalczyk<\/td><\/tr><tr><td>2021-2022<\/td><td>Julia Marks<br>Kinga Wypych<\/td><\/tr><tr><td>2020-2021<\/td><td>Maja Pulut<\/td><\/tr><tr><td>2019-2020<\/td><td>Maja Choi\u0144ska<\/td><\/tr><tr><td>2018-2019<\/td><td>Piotr Zaj\u0105c<br>Maja Pulut<\/td><\/tr><tr><td>2017-2018<\/td><td>&#8212;&#8212;&#8212;&#8212;&#8212;-<\/td><\/tr><tr><td>2016-2017<\/td><td>&#8212;&#8212;&#8212;&#8212;&#8212;-<\/td><\/tr><tr><td>2015-2016<\/td><td>Paulina Bator<\/td><\/tr><tr><td>2014-2015<\/td><td>Maciej W\u00f3jcik<\/td><\/tr><tr><td>2013-2014<\/td><td>Aleksandra Bator<\/td><\/tr><tr><td>2012-2013<\/td><td>Patryk Kurek<\/td><\/tr><tr><td>2011-2012<\/td><td>&#8212;&#8212;&#8212;&#8212;&#8212;-<\/td><\/tr><tr><td>2010-2011<\/td><td>Adrianna J\u0119drzejczyk<\/td><\/tr><tr><td>2009-2010<\/td><td>Anna Soba\u0144ska<\/td><\/tr><tr><td>2008-2009<\/td><td>Rados\u0142aw Baran<br>Adrian J\u0119drzejewski<\/td><\/tr><\/tbody><\/table><\/figure>\n\n\n\n<h5 class=\"wp-block-heading\"><strong>Talent Artystyczny Roku<\/strong><\/h5>\n\n\n\n<figure class=\"wp-block-table\"><table><tbody><tr><td>Rok szkolny<\/td><td>Imi\u0119 i nazwisko<\/td><\/tr><tr><td>2024-2025<\/td><td>Julia Wypych\u00a0 \u00a0 \u00a0 \u00a0<br>Barbara Rozmus \u00a0 \u00a0 \u00a0<br>Klaudia Masternak<br>Liliana Prucia<br>Nikola Stachura Paradowska<br>Tomaszewska Natalia<\/td><\/tr><tr><td>2023-2024<\/td><td>Formacja taneczna kl. 5b w sk\u0142adzie: Aleksandra Karpacz, Aleksandra R\u0119bi\u015b, <br>Zuzanna Konecka, Aleksandra Basiak, Magdalena Religa, Pola Wotli\u0144ska, Joanna Musia\u0142, <br>Marcelina Graba<\/td><\/tr><tr><td>2022-2023<\/td><td>Katarzyna Ko\u0142cz<br>Karolina Plech<\/td><\/tr><tr><td>2021-2022<\/td><td>Ewa Hlebicka \u2013 J\u00f3zefowicz<br>Formacja Taneczna w sk\u0142adzie: Katarzyna Ko\u0142cz, Karolina Plech, Zuzanna Glapiak,<br>Malwina Ilcewicz, Julia Kryczka, Karol Sacha, Liliana Prucia i Emilia Rurak<\/td><\/tr><tr><td>2020-2021<\/td><td>Odetta Relidzy\u0144ska<\/td><\/tr><tr><td>2019-2020<\/td><td>Mi\u0142a Starodub<\/td><\/tr><tr><td>2018-2019<\/td><td>Anna Ko\u0142ton<br>Ewa Hlebicka-J\u00f3zefowicz<\/td><\/tr><tr><td>2017-2018<\/td><td>Hanna Kwieci\u0144ska<\/td><\/tr><tr><td>2016-2017<\/td><td>&#8212;&#8212;&#8212;&#8212;&#8212;-<\/td><\/tr><tr><td>2015-2016<\/td><td>&#8212;&#8212;&#8212;&#8212;&#8212;-<\/td><\/tr><tr><td>2014-2015<\/td><td>&#8212;&#8212;&#8212;&#8212;&#8212;-<\/td><\/tr><tr><td>2013-2014<\/td><td>&#8212;&#8212;&#8212;&#8212;&#8212;-<\/td><\/tr><tr><td>2012-2013<\/td><td>&#8212;&#8212;&#8212;&#8212;&#8212;-<\/td><\/tr><tr><td>2011-2012<\/td><td>&#8212;&#8212;&#8212;&#8212;&#8212;-<\/td><\/tr><tr><td>2010-2011<\/td><td>&#8212;&#8212;&#8212;&#8212;&#8212;-<\/td><\/tr><tr><td>2009-2010<\/td><td>Magdalena Skorupska<\/td><\/tr><tr><td>2008-2009<\/td><td>Anna Cebulska<\/td><\/tr><\/tbody><\/table><\/figure>\n","protected":false},"excerpt":{"rendered":"<p>Rok szkolny Imi\u0119 i nazwisko 2024-2025 Julia GrabaAmelia Stycze\u0144Lena Kr\u00f3lPawe\u0142 HunekBartosz ToporowskiFranciszek Banasik 2023-2024 Julia [&hellip;]<\/p>\n","protected":false},"author":1,"featured_media":0,"parent":0,"menu_order":0,"comment_status":"closed","ping_status":"closed","template":"","meta":{"footnotes":""},"class_list":["post-179","page","type-page","status-publish","hentry"],"_links":{"self":[{"href":"https:\/\/sp1.kielce.eu\/index.php\/wp-json\/wp\/v2\/pages\/179","targetHints":{"allow":["GET"]}}],"collection":[{"href":"https:\/\/sp1.kielce.eu\/index.php\/wp-json\/wp\/v2\/pages"}],"about":[{"href":"https:\/\/sp1.kielce.eu\/index.php\/wp-json\/wp\/v2\/types\/page"}],"author":[{"embeddable":true,"href":"https:\/\/sp1.kielce.eu\/index.php\/wp-json\/wp\/v2\/users\/1"}],"replies":[{"embeddable":true,"href":"https:\/\/sp1.kielce.eu\/index.php\/wp-json\/wp\/v2\/comments?post=179"}],"version-history":[{"count":54,"href":"https:\/\/sp1.kielce.eu\/index.php\/wp-json\/wp\/v2\/pages\/179\/revisions"}],"predecessor-version":[{"id":40330,"href":"https:\/\/sp1.kielce.eu\/index.php\/wp-json\/wp\/v2\/pages\/179\/revisions\/40330"}],"wp:attachment":[{"href":"https:\/\/sp1.kielce.eu\/index.php\/wp-json\/wp\/v2\/media?parent=179"}],"curies":[{"name":"wp","href":"https:\/\/api.w.org\/{rel}","templated":true}]}}