{"id":175,"date":"2017-03-05T14:08:50","date_gmt":"2017-03-05T13:08:50","guid":{"rendered":"http:\/\/sp1.kielce.eu\/?page_id=175"},"modified":"2017-04-23T00:19:17","modified_gmt":"2017-04-22T22:19:17","slug":"hymn-szkoly","status":"publish","type":"page","link":"https:\/\/sp1.kielce.eu\/index.php\/hymn-szkoly\/","title":{"rendered":"Hymn szko\u0142y"},"content":{"rendered":"<p><script>\n  (function(i,s,o,g,r,a,m){i['GoogleAnalyticsObject']=r;i[r]=i[r]||function(){\n  (i[r].q=i[r].q||[]).push(arguments)},i[r].l=1*new Date();a=s.createElement(o),\n  m=s.getElementsByTagName(o)[0];a.async=1;a.src=g;m.parentNode.insertBefore(a,m)\n  })(window,document,'script','https:\/\/www.google-analytics.com\/analytics.js','ga');<\/p>\n<p>  ga('create', 'UA-93996119-1', 'auto');\n  ga('send', 'pageview');<\/p>\n<p><\/script><\/p>\n<p>HYMN SZKO\u0141Y PODSTAWOWEJ NR 1<br \/>\nNa \u015bwi\u0119tokrzyskiej ziemi przez wiele, wiele lat<br \/>\nPracowa\u0142 On i walczy\u0142 o nowy, lepszy \u015bwiat.<br \/>\nNasz patron swe idee z zapa\u0142em ludziom ni\u00f3s\u0142<br \/>\nPatriota i bohater, na zawsze w Polsk\u0119 wr\u00f3s\u0142.<br \/>\nRef. My stworzymy nowe jutro,<br \/>\nMy stworzymy nowy \u015bwiat.<br \/>\nNasz patron jest nam wzorem<br \/>\nNa sto nast\u0119pnych lat.<br \/>\nB\u0119dziemy tu pracowa\u0107<br \/>\nZe wszystkich naszych si\u0142,<br \/>\nZakwitnie kraj jak \u0142\u0105ka,<br \/>\nPi\u0119kniejszy ni\u017ali by\u0142.<br \/>\nTam, gdzie dziejowe burze pozostawi\u0142y \u015blad,<br \/>\nMy zbudujemy Polsk\u0119 na tysi\u0105c pi\u0119knych lat.<br \/>\n\u015aladami st\u00f3p Staszica p\u00f3jdziemy za pan brat<br \/>\nZ kultur\u0105 i technik\u0105 w mg\u0142awic\u0119 \u015bwietlnych lat.<\/p>\n<p>S\u0142owa: Emilia Janyst &#8211; Klupa<br \/>\nOprac. muz.: Ireneusz Jakubowski<\/p>\n<!--[if lt IE 9]><script>document.createElement('audio');<\/script><![endif]-->\n<audio class=\"wp-audio-shortcode\" id=\"audio-175-1\" preload=\"none\" style=\"width: 100%;\" controls=\"controls\"><source type=\"audio\/mpeg\" src=\"http:\/\/sp1.kielce.eu\/wp-content\/uploads\/2017\/03\/hymn.mp3?_=1\" \/><a href=\"http:\/\/sp1.kielce.eu\/wp-content\/uploads\/2017\/03\/hymn.mp3\">http:\/\/sp1.kielce.eu\/wp-content\/uploads\/2017\/03\/hymn.mp3<\/a><\/audio>\n","protected":false},"excerpt":{"rendered":"<p>HYMN SZKO\u0141Y PODSTAWOWEJ NR 1 Na \u015bwi\u0119tokrzyskiej ziemi przez wiele, wiele lat Pracowa\u0142 On i [&hellip;]<\/p>\n","protected":false},"author":1,"featured_media":0,"parent":0,"menu_order":0,"comment_status":"closed","ping_status":"closed","template":"","meta":{"footnotes":""},"class_list":["post-175","page","type-page","status-publish","hentry"],"_links":{"self":[{"href":"https:\/\/sp1.kielce.eu\/index.php\/wp-json\/wp\/v2\/pages\/175","targetHints":{"allow":["GET"]}}],"collection":[{"href":"https:\/\/sp1.kielce.eu\/index.php\/wp-json\/wp\/v2\/pages"}],"about":[{"href":"https:\/\/sp1.kielce.eu\/index.php\/wp-json\/wp\/v2\/types\/page"}],"author":[{"embeddable":true,"href":"https:\/\/sp1.kielce.eu\/index.php\/wp-json\/wp\/v2\/users\/1"}],"replies":[{"embeddable":true,"href":"https:\/\/sp1.kielce.eu\/index.php\/wp-json\/wp\/v2\/comments?post=175"}],"version-history":[{"count":5,"href":"https:\/\/sp1.kielce.eu\/index.php\/wp-json\/wp\/v2\/pages\/175\/revisions"}],"predecessor-version":[{"id":1659,"href":"https:\/\/sp1.kielce.eu\/index.php\/wp-json\/wp\/v2\/pages\/175\/revisions\/1659"}],"wp:attachment":[{"href":"https:\/\/sp1.kielce.eu\/index.php\/wp-json\/wp\/v2\/media?parent=175"}],"curies":[{"name":"wp","href":"https:\/\/api.w.org\/{rel}","templated":true}]}}