{"id":171,"date":"2017-03-05T14:08:23","date_gmt":"2017-03-05T13:08:23","guid":{"rendered":"http:\/\/sp1.kielce.eu\/?page_id=171"},"modified":"2019-11-04T20:30:09","modified_gmt":"2019-11-04T19:30:09","slug":"o-patronie","status":"publish","type":"page","link":"https:\/\/sp1.kielce.eu\/index.php\/o-patronie\/","title":{"rendered":"O patronie"},"content":{"rendered":"\n<figure class=\"wp-block-image\"><img loading=\"lazy\" decoding=\"async\" width=\"604\" height=\"660\" src=\"http:\/\/sp1.kielce.eu\/wp-content\/uploads\/2019\/11\/staszic.png\" alt=\"\" class=\"wp-image-8723\" srcset=\"https:\/\/sp1.kielce.eu\/wp-content\/uploads\/2019\/11\/staszic.png 604w, https:\/\/sp1.kielce.eu\/wp-content\/uploads\/2019\/11\/staszic-275x300.png 275w\" sizes=\"auto, (max-width: 604px) 100vw, 604px\" \/><\/figure>\n\n\n<p><script><br \/>\n  (function(i,s,o,g,r,a,m){i['GoogleAnalyticsObject']=r;i[r]=i[r]||function(){<br \/>\n  (i[r].q=i[r].q||[]).push(arguments)},i[r].l=1*new Date();a=s.createElement(o),<br \/>\n  m=s.getElementsByTagName(o)[0];a.async=1;a.src=g;m.parentNode.insertBefore(a,m)<br \/>\n  })(window,document,'script','https:\/\/www.google-analytics.com\/analytics.js','ga');<\/p>\n<p>  ga('create', 'UA-93996119-1', 'auto');<br \/>\n  ga('send', 'pageview');<\/p>\n<p><\/script><\/p>\n<p>\u00a0<\/p>\n<p>Stanis\u0142aw Wawrzyniec Staszic<\/p>\n<p style=\"text-align: justify;\">Urodzony 6 listopada 1755 w Pile, zmar\u0142 20 stycznia 1826 w Warszawie-polski dzia\u0142acz o\u015bwieceniowy, pisarz i publicysta, filozof i t\u0142umacz, geograf i geolog; ksi\u0105dz (przez niemal\u017ce 20 ostatnich lat \u017cycia, Staszic nie pe\u0142ni\u0142 pos\u0142ugi pasterskiej i nie nosi\u0142 ornatu). Urodzony w rodzinie mieszcza\u0144skiej, po uko\u0144czeniu szk\u00f3\u0142 w Poznaniu, uzyska\u0142 \u015bwi\u0119cenia i w 1778 zosta\u0142 duchownym. Dalsze wykszta\u0142cenie uzyska\u0142 w latach 1779-1781 we Francji i Niemczech. Jeszcze dwukrotnie w latach 1790-1791 oraz 1794-1797 wyje\u017cd\u017ca\u0142 za granic\u0119. Wg kroniki parafii pw. \u015bw. Katarzyny w Czerni\u0119cinie w latach 1788-1791 by\u0142 proboszczem w Turobinie. By\u0142 wychowawc\u0105 syn\u00f3w eks-kanclerza Andrzeja Zamoyskiego. W celach naukowych podr\u00f3\u017cowa\u0142 po kraju prowadz\u0105c badania geologiczne. Pe\u0142ni\u0142 funkcje pa\u0144stwowe i spo\u0142eczne.<\/p>\n<p style=\"text-align: justify;\">Staszic by\u0142 jednym z czo\u0142owych reformator\u00f3w i uczonych polskiego o\u015bwiecenia. Filozof, g\u0142osz\u0105cy monistyczn\u0105 koncepcj\u0119 rozwoju \u015bwiata. Dzia\u0142a\u0142 na rzecz poprawy po\u0142o\u017cenia ch\u0142op\u00f3w, w 1812 r., w folwarku Jaros\u0142awiec (ko\u0142o Ucha\u0144) zak\u0142ada Hrubieszowskie Towarzystwo Rolnicze staj\u0105c si\u0119 tym samym prekursorem w dziedzinie sp\u00f3\u0142dzielczo\u015bci w Polsce (w 1816 r. do\u0142\u0105czy folwark dziekanowski a w 1817 r. folwark hrubieszowski-mieszczanie posiadaj\u0105cy w\u0142asne maj\u0105tki nie zgodzili si\u0119 na w\u0142\u0105czenie miasta do Towarzystwa). Pod wzgl\u0119dem ideowym sk\u0142ania\u0142 si\u0119 ku fizjokratyzmowi oraz panslawizmowi (szczeg\u00f3lnie po 1815 roku). Zwolennik gruntownych reform systemowych w I Rzeczypospolitej, w okresie Sejmu Wielkiego wspiera\u0142 pi\u00f3rem zmiany przeprowadzane przez parlament. Od 1808 r. prezes Towarzystwa Przyjaci\u00f3\u0142 Nauk, po 1818 za\u0142o\u017cy\u0142 Towarzystwo Rolnicze w Hrubieszowie. 1807-1812 cz\u0142onek Izby Edukacyjnej, od 1815 Komisji Wyzna\u0144 Religijnych i O\u015bwiecenia Publicznego, cz\u0142onek Rady Stanu Kr\u00f3lestwa Polskiego. Wsp\u00f3\u0142organizator szko\u0142y uniwersyteckiej w Warszawie (1816) oraz Szko\u0142y Akademiczno-G\u00f3rniczej w Kielcach.<\/p>\n<p style=\"text-align: justify;\">Odegra\u0142 wa\u017cn\u0105 rol\u0119 w rozwoju przemys\u0142u, dzia\u0142aj\u0105c tak\u017ce jako geolog i badacz natury. Na\u015bladowa\u0142 w ten spos\u00f3b poniek\u0105d dokonania swego r\u00f3wie\u015bnika: hrabiego Fryderyka Redena na G\u00f3rnym \u015al\u0105sku. W latach 1816-1824 pe\u0142ni\u0142 funkcj\u0119 dyrektora generalnego Wydzia\u0142u Przemys\u0142u i Kunszt\u00f3w Kr\u00f3lestwa Kongresowego. Przygotowa\u0142 w\u00f3wczas plan rozbudowy Staropolskiego Okr\u0119gu Przemys\u0142owego. Odkry\u0142 z\u0142o\u017ca w\u0119gla kamiennego na terenie obecnej D\u0105browy G\u00f3rniczej i zainicjowa\u0142 tam budow\u0119 kopalni. Z inicjatywy Staszica powsta\u0142o wiele obiekt\u00f3w przemys\u0142owych, m.in. pierwsze w Kr\u00f3lestwie Polskim huty cynku (4 huty o wsp\u00f3lnej nazwie &#8222;Konstanty&#8221;-1816-1822) oraz o\u015brodki hutnictwa \u017celaza.<\/p>\n<p style=\"text-align: justify;\">By\u0142 mecenasem i promotorem, wynalazcy Abrahama Sterna. Jest patronem AGH w Krakowie.<\/p>\n<p style=\"text-align: justify;\">Pochowany na terenie nale\u017c\u0105cego do Wy\u017cszego Metropolitalnego Seminarium Duchownego ko\u015bcio\u0142a pw. Niepokalanego Pocz\u0119cia Naj\u015bwi\u0119tszej Maryi Panny w parafii b\u0142. Edwarda Detkensa (dawny ko\u015bci\u00f3\u0142 Kamedu\u0142\u00f3w), znajduj\u0105cego si\u0119 na warszawskich Bielanach przy ul. Dewajtis 3. W pogrzebie duchownego uczestniczy\u0142o 14 tysi\u0119cy warszawiak\u00f3w. Zgodnie z ostatnia wol\u0105 zmar\u0142ego cz\u0119\u015b\u0107 jego maj\u0105tku-800 tys. z\u0142 zosta\u0142a podzielona po 200 tys. z\u0142 mi\u0119dzy fundusze za\u0142o\u017cycielskie domu zarobkowego dla ubogich i Szpitala Dzieci\u0105tka Jezus, a reszta na pomnik Miko\u0142aja Kopernika, Instytut G\u0142uchoniemych i Szpital Marcinkanek. Przez niemal cztery lata po \u015bmierci Staszica jego gr\u00f3b by\u0142 miejscem spotka\u0144 warszawskiej m\u0142odzie\u017cy i cz\u0142onk\u00f3w ruch\u00f3w patriotycznych.<\/p>\n<p style=\"text-align: justify;\">\u0179r\u00f3d\u0142o: Wikipedia<\/p>","protected":false},"excerpt":{"rendered":"<p>\u00a0 Stanis\u0142aw Wawrzyniec Staszic Urodzony 6 listopada 1755 w Pile, zmar\u0142 20 stycznia 1826 w [&hellip;]<\/p>\n","protected":false},"author":1,"featured_media":8723,"parent":0,"menu_order":0,"comment_status":"closed","ping_status":"closed","template":"","meta":{"footnotes":""},"class_list":["post-171","page","type-page","status-publish","has-post-thumbnail","hentry"],"_links":{"self":[{"href":"https:\/\/sp1.kielce.eu\/index.php\/wp-json\/wp\/v2\/pages\/171","targetHints":{"allow":["GET"]}}],"collection":[{"href":"https:\/\/sp1.kielce.eu\/index.php\/wp-json\/wp\/v2\/pages"}],"about":[{"href":"https:\/\/sp1.kielce.eu\/index.php\/wp-json\/wp\/v2\/types\/page"}],"author":[{"embeddable":true,"href":"https:\/\/sp1.kielce.eu\/index.php\/wp-json\/wp\/v2\/users\/1"}],"replies":[{"embeddable":true,"href":"https:\/\/sp1.kielce.eu\/index.php\/wp-json\/wp\/v2\/comments?post=171"}],"version-history":[{"count":11,"href":"https:\/\/sp1.kielce.eu\/index.php\/wp-json\/wp\/v2\/pages\/171\/revisions"}],"predecessor-version":[{"id":8725,"href":"https:\/\/sp1.kielce.eu\/index.php\/wp-json\/wp\/v2\/pages\/171\/revisions\/8725"}],"wp:featuredmedia":[{"embeddable":true,"href":"https:\/\/sp1.kielce.eu\/index.php\/wp-json\/wp\/v2\/media\/8723"}],"wp:attachment":[{"href":"https:\/\/sp1.kielce.eu\/index.php\/wp-json\/wp\/v2\/media?parent=171"}],"curies":[{"name":"wp","href":"https:\/\/api.w.org\/{rel}","templated":true}]}}