{"id":15554,"date":"2021-02-24T20:18:15","date_gmt":"2021-02-24T19:18:15","guid":{"rendered":"http:\/\/sp1.kielce.eu\/?page_id=15554"},"modified":"2026-03-12T14:59:29","modified_gmt":"2026-03-12T13:59:29","slug":"deklaracja-dostepnosci","status":"publish","type":"page","link":"https:\/\/sp1.kielce.eu\/index.php\/deklaracja-dostepnosci\/","title":{"rendered":"Deklaracja dost\u0119pno\u015bci"},"content":{"rendered":"\n<section id=\"a11y-wstep\">\n\t<p><span id=\"a11y-podmiot\">Szko\u0142a Podstawowa nr 1 im. Stanis\u0142awa Staszica w Kielcach<\/span> zobowi\u0105zuje si\u0119 zapewni\u0107 dost\u0119pno\u015b\u0107 swojej <span id=\"a11y-zakres\">strony internetowej<\/span> zgodnie z ustaw\u0105 z dnia 4 kwietnia 2019 r. o dost\u0119pno\u015bci cyfrowej stron internetowych i aplikacji mobilnych podmiot\u00f3w publicznych.<\/p>\n\t<p>Deklaracja dost\u0119pno\u015bci dotyczy strony <a href=\"https:\/\/sp1.kielce.eu\" id=\"a11y-url\"> sp1.kielce.eu<\/a>.<\/p>\n<\/section>\n\n<p>Data publikacji strony internetowej: <time id=\"a11y-data-publikacja\" datetime=\"2021-02-24\">24 lutego 2021 r.<\/time><br>\nData ostatniej istotnej aktualizacji: <time id=\"a11y-data-aktualizacja\" datetime=\"2021-02-24\">24 lutego 2021 r.<\/time><\/p>\n\n<h2>Stan dost\u0119pno\u015bci cyfrowej<\/h2>\n<p id=\"a11y-status\">Ta strona internetowa jest cz\u0119\u015bciowo zgodna z za\u0142\u0105cznikiem do ustawy o dost\u0119pno\u015bci cyfrowej z dnia 4 kwietnia 2019 r. o dost\u0119pno\u015bci cyfrowej stron internetowych i aplikacji mobilnych podmiot\u00f3w publicznych z powodu [niezgodno\u015bci i wy\u0142\u0105cze\u0144] wymienionych poni\u017cej.<\/p>\n\n<h2>Niedost\u0119pne tre\u015bci<\/h2>\n<h3>Niezgodno\u015b\u0107 z za\u0142\u0105cznikiem <\/h3>\n<ul>\n<li>wyst\u0119puj\u0105 elementy nie spe\u0142niaj\u0105ce wymog\u00f3w kontrastu,<\/li>\n<li>istniej\u0105 osadzone lub podlinkowane filmy YouTube, kt\u00f3re nie posiadaj\u0105 napis\u00f3w dla os\u00f3b g\u0142uchych,<\/li>\n<li>niekt\u00f3re zdj\u0119cia i obrazy graficzne, r\u00f3wnie\u017c te b\u0119d\u0105ce odno\u015bnikami, nie posiadaj\u0105 opis\u00f3w alternatywnych w znaczniku ALT,<\/li>\n<li>nie wszystkie dokumenty pdf, doc, docx, s\u0105 dost\u0119pne cyfrowo (np. dokumenty utworzone zosta\u0142y poprzez skan dokumentu papierowego, wyst\u0119puj\u0105 b\u0142\u0119dy w formatowaniu, brakuje tekst\u00f3w alternatywnych),<\/li>\n<li>wyst\u0119puj\u0105 podkre\u015blone fragmenty tekstu, kt\u00f3re nie s\u0105 odno\u015bnikami,<\/li>\n<li>istniej\u0105 odno\u015bniki, kt\u00f3rych tre\u015bci\u0105 jest adres URL,<\/li>\n<li>wyst\u0119puj\u0105 odno\u015bniki, kt\u00f3re nie zawieraj\u0105 \u017c\u0105dnego tekstu<\/li>\n<li>istniej\u0105 odno\u015bniki kontekstowe, kt\u00f3rych tre\u015b\u0107 nie informuje jednoznacznie o celu,<\/li>\n<li>odno\u015bniki wyr\u00f3\u017cnione s\u0105 jedynie kolorem,<\/li>\n<li>w niekt\u00f3rych przypadkach s\u0105siaduj\u0105ce ze sob\u0105 odno\u015bniki prowadz\u0105 do tego samego adresu URL,<\/li>\n<li>wyst\u0119puj\u0105 fragmenty tekstu o strukturze listy, kt\u00f3re nie s\u0105 zdefiniowane jako lista,<\/li>\n<li>w wielu przypadkach tekst jest wyjustowany,<\/li>\n<li>istniej\u0105 b\u0142\u0119dy w definicji hierarchii nag\u0142\u00f3wk\u00f3w \u2013 pomini\u0119to poziom nag\u0142\u00f3wka,<\/li>\n<li>istnieje obraz (mapa) z aktywnymi punktami, kt\u00f3re nie maj\u0105 atrybutu ALT,<\/li>\n<li>wyst\u0119puj\u0105 slajdery bez mo\u017cliwo\u015bci sterowania przy u\u017cyciu klawiatury,<\/li>\n<li>nie wszystkie elementy aktywne w serwisie s\u0105 dost\u0119pne za pomoc\u0105 klawiatury.<\/li>\n<\/ul>\n\n<h2>Przygotowanie deklaracji dost\u0119pno\u015bci<\/h2>\n<ul>\n\t<li>Data sporz\u0105dzenia deklaracji: <time id=\"a11y-data-sporzadzenie\" datetime=\"2021-02-24\">24 lutego 2021 r.<\/time><\/li>\n\t<li>Data ostatniego przegl\u0105du deklaracji: <time id=\"a11y-data-przeglad\" datetime=\"2026-03-12\">12 marca 2026 r.<\/time><\/li>\n<\/ul>\n\n<p>Deklaracj\u0119 sporz\u0105dzili\u015bmy na podstawie samooceny w oparciu o <a href=\"https:\/\/www.gov.pl\/attachment\/1a3e2bb5-6d60-4897-ac2f-07a8e91e70ed\">List\u0119 kontroln\u0105 do badania dost\u0119pno\u015bci cyfrowej strony internetowej v. 2.2 (docx, 0,12MB)<\/a>.<\/p>\n\n<h2>Udogodnienia, ograniczenia i inne informacje<\/h2>\n\n<p>Strona posiada nast\u0119puj\u0105ce u\u0142atwienia dla os\u00f3b z niepe\u0142nosprawno\u015bciami:<\/p>\n<ul>\n<li>jest zbudowana w oparciu o metod\u0119 \u201eResponsive Web Design\u201d, w skr\u00f3cie RWD. Metoda ta sprawia, \u017ce serwis automatycznie dostosowuje wy\u015bwietlanie do rozdzielczo\u015bci oraz wielko\u015bci ekranu. Nie wymaga powi\u0119kszania, ani przewijania w kierunku poziomym. W urz\u0105dzeniach takich jak tablety, smartfony, telefony kom\u00f3rkowe serwis jest znacznie bardziej czytelny i przyjazny w obs\u0142udze,<\/li>\n<li>mo\u017cliwo\u015b\u0107 przegl\u0105dania mapy strony,<\/li>\n<li>mo\u017cliwo\u015b\u0107 prze\u0142\u0105czenia na wersj\u0119 kontrastow\u0105,<\/li>\n<li>mo\u017cliwo\u015b\u0107 zmiany rozmiaru tekstu,<\/li>\n<li>mo\u017cliwo\u015b\u0107 pod\u015bwietlenia link\u00f3w,<\/li>\n<li>mo\u017cliwo\u015b\u0107 zatrzymania animacji,<\/li>\n<li>mo\u017cliwo\u015b\u0107 ukrycia obrazu,<\/li>\n<li>strona jest przyjazna dla dyslektyk\u00f3w,<\/li>\n<li>mo\u017cliwo\u015b\u0107 podpowiedzi,<\/li>\n<li>mo\u017cliwo\u015b\u0107 dostosowania odst\u0119pu mi\u0119dzy tekstami,<\/li>\n<li>mo\u017cliwo\u015b\u0107 zwi\u0119kszenia kursora.<\/li>\n<\/ul>\n\n<h2>Informacje zwrotne i dane kontaktowe<\/h2>\n<p>Wszystkie problemy z dost\u0119pno\u015bci\u0105 cyfrow\u0105 tej strony internetowej mo\u017cesz zg\u0142osi\u0107 do <span id=\"a11y-kontakt\">Dariusza St\u0119pnia<\/span> \u2014 mejlowo <a id=\"a11y-email\" href=\"mailto:administrator@sp1.kielce.eu\">administrator@sp1.kielce.eu<\/a> lub telefonicznie <a href=\"tel:+413676475\" id=\"a11y-telefon\">41 3676475<\/a>.<\/p>\n<p>Ka\u017cdy ma prawo wyst\u0105pi\u0107 z \u017c\u0105daniem zapewnienia dost\u0119pno\u015bci cyfrowej tej strony internetowej lub jej element\u00f3w.<\/p>\n<p>Zg\u0142aszaj\u0105c takie \u017c\u0105danie podaj:<\/p>\n<ul>\n\t<li>swoje imi\u0119 i nazwisko,<\/li>\n\t<li>swoje dane kontaktowe (np. numer telefonu, e-mail),<\/li>\n\t<li>dok\u0142adny adres strony internetowej, na kt\u00f3rej jest niedost\u0119pny cyfrowo element lub tre\u015b\u0107,<\/li>\n\t<li>opis na czym polega problem i jaki spos\u00f3b jego rozwi\u0105zania by\u0142by dla Ciebie najwygodniejszy.<\/li>\n<\/ul>\n<p>Na Twoje zg\u0142oszenie odpowiemy najszybciej jak to mo\u017cliwe, nie p\u00f3\u017aniej ni\u017c w ci\u0105gu 7 dni od jego otrzymania.<\/p>\n<p>Je\u017celi ten termin b\u0119dzie dla nas zbyt kr\u00f3tki poinformujemy Ci\u0119 o tym. W tej informacji podamy nowy termin, do kt\u00f3rego poprawimy zg\u0142oszone przez Ciebie b\u0142\u0119dy lub przygotujemy informacje w alternatywny spos\u00f3b. Ten nowy termin nie b\u0119dzie d\u0142u\u017cszy ni\u017c 2 miesi\u0105ce.<\/p>\n<p>Je\u017celi nie b\u0119dziemy w stanie zapewni\u0107 dost\u0119pno\u015bci cyfrowej strony internetowej lub tre\u015bci, wskazanej w Twoim \u017c\u0105daniu, zaproponujemy Ci dost\u0119p do nich w alternatywny spos\u00f3b.<\/p>\n\n<section id=\"a11y-procedura\">\n<h2>Obs\u0142uga wniosk\u00f3w i skarg zwi\u0105zanych z dost\u0119pno\u015bci\u0105<\/h2>\n<p>Je\u017celi w odpowiedzi na Tw\u00f3j wniosek o zapewnienie dost\u0119pno\u015bci cyfrowej, odm\u00f3wimy zapewnienia \u017c\u0105danej przez Ciebie dost\u0119pno\u015bci cyfrowej, a Ty nie zgadzasz si\u0119 z t\u0105 odmow\u0105, masz prawo z\u0142o\u017cy\u0107 skarg\u0119.<\/p>\n<p>Skarg\u0119 masz prawo z\u0142o\u017cy\u0107 tak\u017ce, je\u015bli nie zgadzasz si\u0119 na skorzystanie z alternatywnego sposobu dost\u0119pu, kt\u00f3ry zaproponowali\u015bmy Ci w odpowiedzi na Tw\u00f3j wniosek o zapewnienie dost\u0119pno\u015bci cyfrowej.<\/p>\n<p>Ewentualn\u0105 skarg\u0119 z\u0142\u00f3\u017c listownie lub mailem do kierownictwa naszego urz\u0119du:\n<ul>\n\t<li>Beata Rozpara \u2014 Dyrektor Szko\u0142y Podstawowej nr 1 im. Stanis\u0142awa Staszica w Kielcach,<\/li>\n\t<li>Adres: ul. Leopolda Staffa 7, 25 \u2013 410 Kielce,<\/li>\n\t<li>mejl: <a href=\"mailto:sekretariat@sp1.kielce.eu\"> sekretariat@sp1.kielce.eu<\/a>.<\/li>\n<\/ul>\n<a href=\"https:\/\/www.gov.pl\/web\/gov\/zloz-wniosek-o-zapewnienie-dostepnosci-cyfrowej-strony-internetowej-lub-aplikacji-mobilnej\">Pomocne mog\u0105 by\u0107 informacje, kt\u00f3re mo\u017cna znale\u017a\u0107 na rz\u0105dowym portalu gov.pl<\/a>.<\/p>\n<p>Mo\u017cesz tak\u017ce poinformowa\u0107 o tej sytuacji <a href=\"https:\/\/bip.brpo.gov.pl\/\"> Rzecznika Praw Obywatelskich<\/a> i poprosi\u0107 o interwencj\u0119 w Twojej sprawie.<\/p>\n<\/section>\n\n<h2>Pozosta\u0142e informacje<\/h2>\n<section id=\"a11y-architektura\">\n<h3>Dost\u0119pno\u015b\u0107 architektoniczna<\/h3>\n<h4>Szko\u0142a Podstawowa nr 1 im. Stanis\u0142awa Staszica w Kielcach \u2014 ul. Leopolda Staffa 7, 25 \u2013 410 Kielce<\/h4>\n<ul>\n<li>Do budynku prowadzi 1 wej\u015bcie g\u0142\u00f3wne z obszarem kontroli i 5 wej\u015b\u0107 ewakuacyjnych:\n\t<ul>\n\t<li>wej\u015bcie od strony po\u0142udniowej \u2013 wej\u015bcie g\u0142\u00f3wne z platform\u0105 dla os\u00f3b niepe\u0142nosprawnych,<\/li>\n\t<li>wej\u015bcie od strony zachodniej &#8211; mo\u017cliwo\u015b\u0107 wej\u015bcia z poziomu terenu, brak windy,<\/li>\n\t<li>dwa wej\u015bcia od strony p\u00f3\u0142nocno \u2013 zachodniej (dziedziniec szko\u0142y)mo\u017cliwo\u015b\u0107 wej\u015bcia z poziomu terenu, brak windy,<\/li>\n\t<li>jedno wej\u015bcie od strony p\u00f3\u0142nocno- zachodniej (dziedziniec szko\u0142y) bez podjazdu dla niepe\u0142nosprawnych, brak windy,<\/li>\n\t<li>wej\u015bcie od strony p\u00f3\u0142nocnej (pawilon sportowy)mo\u017cliwo\u015b\u0107 wej\u015bcia z poziomu terenu, brak windy.<\/li>\n\t<\/ul>\n<\/li>\n<li>Na parterze budynku jest mo\u017cliwo\u015b\u0107 poruszania si\u0119 na w\u00f3zku inwalidzkim oraz bloku sportowym,<\/li>\n<li>Podstopnice bieg\u00f3w schodowych (pierwszy i ostatni stopie\u0144) oznaczono kontrastowymi barwami,<\/li>\n<li>W budynku nie ma pochylni, platform i p\u0119tli indukcyjnych,<\/li>\n<li>Nie ma g\u0142o\u015bnik\u00f3w systemu naprowadzaj\u0105cego d\u017awi\u0119kowo osoby niewidome i s\u0142abowidz\u0105ce,<\/li>\n<li>W budynku nie ma toalety dla os\u00f3b niepe\u0142nosprawnych,<\/li>\n<li>Wej\u015bcie nie jest zabezpieczone bramkami,<\/li>\n<li>W budynku nie ma oznacze\u0144 w alfabecie Braille`a dla os\u00f3b niewidomych,<\/li>\n<li>Nie ma wyznaczonego stanowiska parkingowego dla os\u00f3b niepe\u0142nosprawnych,<\/li>\n<li>W budynku szko\u0142y nie ma informacji o prawie wst\u0119pu z psem asystuj\u0105cym,<\/li>\n<li>W budynku nie ma mo\u017cliwo\u015bci skorzystania z us\u0142ug t\u0142umacza migowego,<\/li>\n<li>Wszelkich informacji dost\u0119pno\u015bci dla os\u00f3b z niepe\u0142nosprawno\u015bciami udzielaj\u0105 pracownicy szko\u0142y,<\/li>\n<li>W szczeg\u00f3lnych przypadkach istnieje mo\u017cliwo\u015b\u0107 wezwania pracownika szko\u0142y do om\u00f3wienia sposobu za\u0142atwienia sprawy przed wej\u015bciem do budynku szko\u0142y.<\/li>\n<\/ul>\n<\/section>\n\n<section id=\"a11y-komunikacja\">\n<h3>Dost\u0119pno\u015b\u0107 komunikacyjno-informacyjna<\/h3>\n<p>Obecnie nie ma mo\u017cliwo\u015bci skorzystania z t\u0142umacza polskiego j\u0119zyka migowego (PJM) online.<\/p>\n<\/section>\n","protected":false},"excerpt":{"rendered":"<p>Szko\u0142a Podstawowa nr 1 im. Stanis\u0142awa Staszica w Kielcach zobowi\u0105zuje si\u0119 zapewni\u0107 dost\u0119pno\u015b\u0107 swojej strony [&hellip;]<\/p>\n","protected":false},"author":1,"featured_media":0,"parent":0,"menu_order":0,"comment_status":"closed","ping_status":"closed","template":"","meta":{"footnotes":""},"class_list":["post-15554","page","type-page","status-publish","hentry"],"_links":{"self":[{"href":"https:\/\/sp1.kielce.eu\/index.php\/wp-json\/wp\/v2\/pages\/15554","targetHints":{"allow":["GET"]}}],"collection":[{"href":"https:\/\/sp1.kielce.eu\/index.php\/wp-json\/wp\/v2\/pages"}],"about":[{"href":"https:\/\/sp1.kielce.eu\/index.php\/wp-json\/wp\/v2\/types\/page"}],"author":[{"embeddable":true,"href":"https:\/\/sp1.kielce.eu\/index.php\/wp-json\/wp\/v2\/users\/1"}],"replies":[{"embeddable":true,"href":"https:\/\/sp1.kielce.eu\/index.php\/wp-json\/wp\/v2\/comments?post=15554"}],"version-history":[{"count":12,"href":"https:\/\/sp1.kielce.eu\/index.php\/wp-json\/wp\/v2\/pages\/15554\/revisions"}],"predecessor-version":[{"id":41271,"href":"https:\/\/sp1.kielce.eu\/index.php\/wp-json\/wp\/v2\/pages\/15554\/revisions\/41271"}],"wp:attachment":[{"href":"https:\/\/sp1.kielce.eu\/index.php\/wp-json\/wp\/v2\/media?parent=15554"}],"curies":[{"name":"wp","href":"https:\/\/api.w.org\/{rel}","templated":true}]}}