{"id":143,"date":"2017-03-05T13:56:34","date_gmt":"2017-03-05T12:56:34","guid":{"rendered":"http:\/\/sp1.kielce.eu\/?page_id=143"},"modified":"2025-02-17T20:47:42","modified_gmt":"2025-02-17T19:47:42","slug":"swietlica","status":"publish","type":"page","link":"https:\/\/sp1.kielce.eu\/index.php\/swietlica\/","title":{"rendered":"\u015awietlica"},"content":{"rendered":"<p><script><br \/>\n  (function(i,s,o,g,r,a,m){i['GoogleAnalyticsObject']=r;i[r]=i[r]||function(){<br \/>\n  (i[r].q=i[r].q||[]).push(arguments)},i[r].l=1*new Date();a=s.createElement(o),<br \/>\n  m=s.getElementsByTagName(o)[0];a.async=1;a.src=g;m.parentNode.insertBefore(a,m)<br \/>\n  })(window,document,'script','https:\/\/www.google-analytics.com\/analytics.js','ga');<\/p>\n<p>  ga('create', 'UA-93996119-1', 'auto');<br \/>\n  ga('send', 'pageview');<\/p>\n<p><\/script><\/p>\n<p>Zaj\u0119cia w \u015bwietlicy szkolnej odbywaj\u0105 si\u0119 w godzinach&nbsp;<strong>6:30-17.00<\/strong><\/p>\n<p>\u015awietlica szkolna to miejsce, w kt\u00f3rym uczniowie maj\u0105 szans\u0119 kszta\u0142ci\u0107 si\u0119, rozwija\u0107 swoje zainteresowania oraz mie\u0107 mo\u017cliwo\u015b\u0107 na odpoczynek, zjedzenie posi\u0142ku, odrobienie zadania domowego, swobodn\u0105 zabaw\u0119 z innymi dzie\u0107mi oraz aktywno\u015b\u0107 fizyczn\u0105 na \u015bwie\u017cym powietrzu, po zako\u0144czeniu zaj\u0119\u0107 lekcyjnych. Cho\u0107 pe\u0142ni ona przede wszystkim rol\u0119 opieku\u0144czo-wychowawcz\u0105, jest r\u00f3wnie\u017c przestrzeni\u0105, w kt\u00f3rej dzieci mog\u0105 dzia\u0142a\u0107 w spos\u00f3b tw\u00f3rczy, zdobywa\u0107 nowe umiej\u0119tno\u015bci i kompetencje, poszerza\u0107 swoj\u0105 wiedz\u0119 oraz integrowa\u0107 si\u0119 z&nbsp;r\u00f3wie\u015bnikami.<\/p>\n<p>W swojej programowej dzia\u0142alno\u015bci \u015bwietlica realizuje cele i zadania szko\u0142y, kt\u00f3rej jest integralna cz\u0119\u015bci\u0105. W planie pracy \u015bwietlicy szczeg\u00f3lnie uwzgl\u0119dniono tre\u015bci i dzia\u0142ania opieku\u0144czo-wychowawcze, profilaktyczne i dydaktyczne.<\/p>\n<p>Wychowank\u00f3w \u015bwietlicy obowi\u0105zuje&nbsp;<strong>KODEKS \u015aWIETLIKA<\/strong>:<\/p>\n<ol>\n<li>\u015awietliki szanuj\u0105 nauczycieli i koleg\u00f3w.<\/li>\n<li>\u015awietliki szanuj\u0105 zabawki i gry oraz sprz\u0119t szkolny.<\/li>\n<li>\u015awietliki cz\u0119sto u\u017cywaj\u0105 magicznych s\u0142\u00f3w: prosz\u0119, dzi\u0119kuj\u0119, przepraszam.<\/li>\n<li>Ka\u017cdy \u015bwietlik wychodzi ze \u015bwietlicy tylko za zgod\u0105 wychowawcy.<\/li>\n<li>Wszelkie krzyki i tupanie s\u0105 zabronione.<\/li>\n<li>Ka\u017cdy \u015bwietlik po zabawie odk\u0142ada na miejsce przedmioty, kt\u00f3rymi si\u0119 bawi\u0142.<\/li>\n<\/ol>\n<div id='gallery-1' class='gallery galleryid-143 gallery-columns-1 gallery-size-large'><figure class='gallery-item'>\n\t\t\t<div class='gallery-icon portrait'>\n\t\t\t\t<a href='https:\/\/sp1.kielce.eu\/wp-content\/uploads\/2022\/12\/swietlica-scaled.jpg'><img loading=\"lazy\" decoding=\"async\" width=\"415\" height=\"900\" src=\"https:\/\/sp1.kielce.eu\/wp-content\/uploads\/2022\/12\/swietlica-415x900.jpg\" class=\"attachment-large size-large\" alt=\"\" srcset=\"https:\/\/sp1.kielce.eu\/wp-content\/uploads\/2022\/12\/swietlica-415x900.jpg 415w, https:\/\/sp1.kielce.eu\/wp-content\/uploads\/2022\/12\/swietlica-138x300.jpg 138w, https:\/\/sp1.kielce.eu\/wp-content\/uploads\/2022\/12\/swietlica-768x1667.jpg 768w, https:\/\/sp1.kielce.eu\/wp-content\/uploads\/2022\/12\/swietlica-708x1536.jpg 708w, https:\/\/sp1.kielce.eu\/wp-content\/uploads\/2022\/12\/swietlica-944x2048.jpg 944w, https:\/\/sp1.kielce.eu\/wp-content\/uploads\/2022\/12\/swietlica-820x1780.jpg 820w, https:\/\/sp1.kielce.eu\/wp-content\/uploads\/2022\/12\/swietlica-scaled.jpg 1180w\" sizes=\"auto, (max-width: 415px) 100vw, 415px\" \/><\/a>\n\t\t\t<\/div><\/figure>\n\t\t<\/div>\n\n<p style=\"text-align: center;\">\n\n\n<p><a href=\"https:\/\/sp1.kielce.eu\/wp-content\/uploads\/2025\/02\/karta_swietlica_2025-2026.docx\">Karta zg\u0142oszenia (docx)<\/a><br><a href=\"https:\/\/sp1.kielce.eu\/wp-content\/uploads\/2025\/02\/karta_swietlica_-2025_2026.pdf\">Karta zg\u0142oszenia (pdf)<\/a><\/p>\n\n\n\n<p><a href=\"http:\/\/sp1.kielce.eu\/wp-content\/uploads\/2020\/11\/regulaminswietlicy.pdf\">Regulamin \u015bwietlicy<\/a><\/p>\n\n\n\n<p><\/p>\n","protected":false},"excerpt":{"rendered":"<p>Zaj\u0119cia w \u015bwietlicy szkolnej odbywaj\u0105 si\u0119 w godzinach&nbsp;6:30-17.00 \u015awietlica szkolna to miejsce, w kt\u00f3rym uczniowie [&hellip;]<\/p>\n","protected":false},"author":1,"featured_media":0,"parent":0,"menu_order":0,"comment_status":"closed","ping_status":"closed","template":"","meta":{"footnotes":""},"class_list":["post-143","page","type-page","status-publish","hentry"],"_links":{"self":[{"href":"https:\/\/sp1.kielce.eu\/index.php\/wp-json\/wp\/v2\/pages\/143","targetHints":{"allow":["GET"]}}],"collection":[{"href":"https:\/\/sp1.kielce.eu\/index.php\/wp-json\/wp\/v2\/pages"}],"about":[{"href":"https:\/\/sp1.kielce.eu\/index.php\/wp-json\/wp\/v2\/types\/page"}],"author":[{"embeddable":true,"href":"https:\/\/sp1.kielce.eu\/index.php\/wp-json\/wp\/v2\/users\/1"}],"replies":[{"embeddable":true,"href":"https:\/\/sp1.kielce.eu\/index.php\/wp-json\/wp\/v2\/comments?post=143"}],"version-history":[{"count":22,"href":"https:\/\/sp1.kielce.eu\/index.php\/wp-json\/wp\/v2\/pages\/143\/revisions"}],"predecessor-version":[{"id":37510,"href":"https:\/\/sp1.kielce.eu\/index.php\/wp-json\/wp\/v2\/pages\/143\/revisions\/37510"}],"wp:attachment":[{"href":"https:\/\/sp1.kielce.eu\/index.php\/wp-json\/wp\/v2\/media?parent=143"}],"curies":[{"name":"wp","href":"https:\/\/api.w.org\/{rel}","templated":true}]}}