{"id":1179,"date":"2017-03-26T00:24:35","date_gmt":"2017-03-25T23:24:35","guid":{"rendered":"http:\/\/sp1.kielce.eu\/?page_id=1179"},"modified":"2017-04-23T00:19:33","modified_gmt":"2017-04-22T22:19:33","slug":"kalendarz-google","status":"publish","type":"page","link":"https:\/\/sp1.kielce.eu\/index.php\/kalendarz-google\/","title":{"rendered":"Kalendarz google"},"content":{"rendered":"<p><script>\n  (function(i,s,o,g,r,a,m){i['GoogleAnalyticsObject']=r;i[r]=i[r]||function(){\n  (i[r].q=i[r].q||[]).push(arguments)},i[r].l=1*new Date();a=s.createElement(o),\n  m=s.getElementsByTagName(o)[0];a.async=1;a.src=g;m.parentNode.insertBefore(a,m)\n  })(window,document,'script','https:\/\/www.google-analytics.com\/analytics.js','ga');<\/p>\n<p>  ga('create', 'UA-93996119-1', 'auto');\n  ga('send', 'pageview');<\/p>\n<p><\/script><\/p>\n<p><a href=\"https:\/\/calendar.google.com\/calendar\/embed?src=jedynkakielce%40gmail.com&amp;ctz=Europe\/Warsaw\">Kliknij aby przej\u015b\u0107 na stron\u0119 Kalendarza Google<\/a><\/p>\n<p>Je\u017celi chcesz korzysta\u0107 z Kalendarza Google w smartfonie, zainstaluj odpowiedni\u0105 aplikacj\u0119 i dodaj kalendarz <strong>jedynkakielce@gmail.com<\/strong>;<\/p>\n<p>na Androida: Kalendarz Google<\/p>\n<p>na Windows Phone: One Calendar lub podobne<\/p>\n<p>na iOS: Google Calendar<\/p>\n<p>&nbsp;<\/p>\n<p><iframe loading=\"lazy\" style=\"border: 0;\" src=\"https:\/\/calendar.google.com\/calendar\/embed?src=jedynkakielce%40gmail.com&amp;ctz=Europe\/Warsaw\" width=\"800\" height=\"600\" frameborder=\"0\" scrolling=\"no\"><\/iframe><\/p>\n","protected":false},"excerpt":{"rendered":"<p>Kliknij aby przej\u015b\u0107 na stron\u0119 Kalendarza Google Je\u017celi chcesz korzysta\u0107 z Kalendarza Google w smartfonie, [&hellip;]<\/p>\n","protected":false},"author":1,"featured_media":0,"parent":0,"menu_order":0,"comment_status":"closed","ping_status":"closed","template":"","meta":{"footnotes":""},"class_list":["post-1179","page","type-page","status-publish","hentry"],"_links":{"self":[{"href":"https:\/\/sp1.kielce.eu\/index.php\/wp-json\/wp\/v2\/pages\/1179","targetHints":{"allow":["GET"]}}],"collection":[{"href":"https:\/\/sp1.kielce.eu\/index.php\/wp-json\/wp\/v2\/pages"}],"about":[{"href":"https:\/\/sp1.kielce.eu\/index.php\/wp-json\/wp\/v2\/types\/page"}],"author":[{"embeddable":true,"href":"https:\/\/sp1.kielce.eu\/index.php\/wp-json\/wp\/v2\/users\/1"}],"replies":[{"embeddable":true,"href":"https:\/\/sp1.kielce.eu\/index.php\/wp-json\/wp\/v2\/comments?post=1179"}],"version-history":[{"count":4,"href":"https:\/\/sp1.kielce.eu\/index.php\/wp-json\/wp\/v2\/pages\/1179\/revisions"}],"predecessor-version":[{"id":1660,"href":"https:\/\/sp1.kielce.eu\/index.php\/wp-json\/wp\/v2\/pages\/1179\/revisions\/1660"}],"wp:attachment":[{"href":"https:\/\/sp1.kielce.eu\/index.php\/wp-json\/wp\/v2\/media?parent=1179"}],"curies":[{"name":"wp","href":"https:\/\/api.w.org\/{rel}","templated":true}]}}