{"id":11552,"date":"2020-03-06T13:26:53","date_gmt":"2020-03-06T12:26:53","guid":{"rendered":"http:\/\/sp1.kielce.eu\/?page_id=11552"},"modified":"2022-03-11T10:28:38","modified_gmt":"2022-03-11T09:28:38","slug":"klasa-bilardowa","status":"publish","type":"page","link":"https:\/\/sp1.kielce.eu\/index.php\/klasa-bilardowa\/","title":{"rendered":"Klasa I &#8211; bilardowa"},"content":{"rendered":"\n<h2 class=\"wp-block-heading\">Zapisy do klasy I<\/h2>\n\n\n\n<figure class=\"wp-block-image size-full is-resized\"><img loading=\"lazy\" decoding=\"async\" src=\"http:\/\/sp1.kielce.eu\/wp-content\/uploads\/2021\/08\/Logo_jpg-Copy.jpg\" alt=\"\" class=\"wp-image-18019\" width=\"190\" height=\"190\" srcset=\"https:\/\/sp1.kielce.eu\/wp-content\/uploads\/2021\/08\/Logo_jpg-Copy.jpg 900w, https:\/\/sp1.kielce.eu\/wp-content\/uploads\/2021\/08\/Logo_jpg-Copy-300x300.jpg 300w, https:\/\/sp1.kielce.eu\/wp-content\/uploads\/2021\/08\/Logo_jpg-Copy-150x150.jpg 150w, https:\/\/sp1.kielce.eu\/wp-content\/uploads\/2021\/08\/Logo_jpg-Copy-768x768.jpg 768w, https:\/\/sp1.kielce.eu\/wp-content\/uploads\/2021\/08\/Logo_jpg-Copy-820x820.jpg 820w\" sizes=\"auto, (max-width: 190px) 100vw, 190px\" \/><\/figure>\n\n\n\n<p><a href=\"http:\/\/sp1.kielce.eu\/wp-content\/uploads\/2022\/02\/wniosekbilardowa.pdf\">karta zg\u0142oszeniowa do klasy I bilardowej<\/a><br><a href=\"http:\/\/sp1.kielce.eu\/wp-content\/uploads\/2020\/03\/wizerunek.pdf\">zgoda na publikacj\u0119 wizerunku dziecka<\/a><br><a href=\"http:\/\/sp1.kielce.eu\/wp-content\/uploads\/2020\/03\/religia.pdf\">o\u015bwiadczenie o ucz\u0119szczaniu na lekcje religii<\/a><br><a href=\"http:\/\/sp1.kielce.eu\/wp-content\/uploads\/2020\/03\/informacja.pdf\">informacja dla uczni\u00f3w rodzic\u00f3w i opiekun\u00f3w uczni\u00f3w i kandydat\u00f3w na uczni\u00f3w<\/a><br><a rel=\"noreferrer noopener\" href=\"http:\/\/sp1.kielce.eu\/wp-content\/uploads\/2020\/03\/uchwala_nr_xlix11072017_rady_miasta_kielce.pdf\" target=\"_blank\">uchwala_nr_XLIX11072017_rady_miasta_kielce.pdf<\/a><br><a href=\"http:\/\/sp1.kielce.eu\/wp-content\/uploads\/2022\/03\/zarzadzenie_prezydenta_nr_25_2022-1.pdf\">ZARZ\u0104DZENIE NR 25\/2022 PREZYDENTA MIASTA KIELCE z dnia 24 stycznia 2022 r.<\/a><br><\/p>\n\n\n\n<p><a href=\"http:\/\/sp1.kielce.eu\/wp-content\/uploads\/2020\/04\/zapraszamy.pdf\">BILARD \u2013 dlaczego jest tak wa\u017cnym i cenionym sportem?<\/a><\/p>\n\n\n\n<p>Zg\u0142oszenia dzieci do klasy pierwszej \u2013 bilardowej na rok szkolny 2022\/2023.&nbsp;<\/p>\n\n\n\n<p><strong>Informujemy, \u017ce rozpocz\u0119\u0142y si\u0119 <\/strong><strong>zapisy dzieci do klasy I &#8211; bilardowej w Szkole Podstawowej nr 1 im Stanis\u0142awa Staszica&nbsp;w Kielcach&nbsp;na rok szkolny 2022\/2023<\/strong><\/p>\n\n\n\n<p>Do&nbsp;<strong>klasy pierwszej &#8211; bilardowej <\/strong>&nbsp;przyjmowane s\u0105 dzieci zamieszka\u0142e w obwodzie Szko\u0142y SP 1 na podstawie&nbsp;<strong>zg\u0142oszenia<\/strong>&nbsp;rodzic\u00f3w.<\/p>\n\n\n\n<p>Spe\u0142nianie obowi\u0105zku szkolnego rozpoczynaj\u0105 dzieci&nbsp;<strong>urodzone w 2015 r.<\/strong><\/p>\n\n\n\n<p>Zapisy odbywaj\u0105 si\u0119 w godz. 7.30 \u2013 15.30.<\/p>\n\n\n\n<p>Dokumentacj\u0119 niezb\u0119dn\u0105 do zapisu dziecka stanowi:<\/p>\n\n\n\n<p>Karta zg\u0142oszenia \u2013 <a href=\"http:\/\/sp1.kielce.eu\/wp-content\/uploads\/2022\/02\/wniosekbilardowa.pdf\">do pobrania<\/a> lub dost\u0119pna w sekretariacie szko\u0142y.<\/p>\n\n\n\n<p>Przy&nbsp;<strong>zapisie&nbsp;<\/strong>dziecka do SP 1 nale\u017cy okaza\u0107 do wgl\u0105du dow\u00f3d osobisty rodzica\/prawnego opiekuna, odpis aktu urodzenia dziecka i numer PESEL dziecka.<\/p>\n\n\n\n<p>W przypadku podj\u0119cia decyzji o zapisie dziecka zamieszka\u0142ego w rejonie do szko\u0142y innej ni\u017c SP 1 w Kielcach,&nbsp;<strong>rodzic zobowi\u0105zany jest do niezw\u0142ocznego powiadomienia SP 1 (najp\u00f3\u017aniej do 30 wrze\u015bnia 2022r.)<\/strong>&nbsp;o miejscu realizacji obowi\u0105zku szkolnego przez dziecko.<\/p>\n\n\n\n<figure class=\"wp-block-image\"><img loading=\"lazy\" decoding=\"async\" width=\"738\" height=\"900\" src=\"http:\/\/sp1.kielce.eu\/wp-content\/uploads\/2020\/04\/zap3-738x900.jpg\" alt=\"\" class=\"wp-image-11986\" srcset=\"https:\/\/sp1.kielce.eu\/wp-content\/uploads\/2020\/04\/zap3-738x900.jpg 738w, https:\/\/sp1.kielce.eu\/wp-content\/uploads\/2020\/04\/zap3-246x300.jpg 246w, https:\/\/sp1.kielce.eu\/wp-content\/uploads\/2020\/04\/zap3-768x937.jpg 768w, https:\/\/sp1.kielce.eu\/wp-content\/uploads\/2020\/04\/zap3.jpg 796w\" sizes=\"auto, (max-width: 738px) 100vw, 738px\" \/><\/figure>\n\n\n\n<figure class=\"wp-block-image\"><img loading=\"lazy\" decoding=\"async\" width=\"657\" height=\"900\" src=\"http:\/\/sp1.kielce.eu\/wp-content\/uploads\/2020\/04\/zap4-657x900.jpg\" alt=\"\" class=\"wp-image-11987\" srcset=\"https:\/\/sp1.kielce.eu\/wp-content\/uploads\/2020\/04\/zap4-657x900.jpg 657w, https:\/\/sp1.kielce.eu\/wp-content\/uploads\/2020\/04\/zap4-219x300.jpg 219w, https:\/\/sp1.kielce.eu\/wp-content\/uploads\/2020\/04\/zap4.jpg 719w\" sizes=\"auto, (max-width: 657px) 100vw, 657px\" \/><\/figure>\n\n\n\n<figure class=\"wp-block-embed-videopress wp-block-embed is-type-rich is-provider-obsluga-osadzania\"><div class=\"wp-block-embed__wrapper\">\n<div style=\"width: 640px;\" class=\"wp-video\"><!--[if lt IE 9]><script>document.createElement('video');<\/script><![endif]-->\n<video class=\"wp-video-shortcode\" id=\"video-11552-1\" width=\"640\" height=\"360\" preload=\"metadata\" controls=\"controls\"><source type=\"video\/mp4\" src=\"http:\/\/sp1.kielce.eu\/wp-content\/uploads\/2020\/03\/SP1bilard6.mp4?_=1\" \/><a href=\"http:\/\/sp1.kielce.eu\/wp-content\/uploads\/2020\/03\/SP1bilard6.mp4\">http:\/\/sp1.kielce.eu\/wp-content\/uploads\/2020\/03\/SP1bilard6.mp4<\/a><\/video><\/div>\n<\/div><\/figure>\n\n\n\n<figure class=\"wp-block-embed is-type-video is-provider-facebook wp-block-embed-facebook\"><div class=\"wp-block-embed__wrapper\">\nhttps:\/\/www.facebook.com\/bilardsportem\/videos\/1282482708511208\/\n<\/div><figcaption> Nauka gry w BILARD &#8211; Bilard Sportem Wszystkich cz.II <\/figcaption><\/figure>\n\n\n\n<figure class=\"wp-block-embed is-type-video is-provider-youtube wp-block-embed-youtube wp-embed-aspect-16-9 wp-has-aspect-ratio\"><div class=\"wp-block-embed__wrapper\">\n<iframe loading=\"lazy\" title=\"Nauka gry w Bilard -Film Szkoleniowy Polskiego Zwi\u0105zku Bilardowego Bilard Sportem Wszystkich-III cz.\" width=\"1160\" height=\"653\" src=\"https:\/\/www.youtube.com\/embed\/lfXdw-Crjb0?feature=oembed\" frameborder=\"0\" allow=\"accelerometer; autoplay; clipboard-write; encrypted-media; gyroscope; picture-in-picture\" allowfullscreen><\/iframe>\n<\/div><figcaption> Nauka gry w Bilard &#8211; Film Szkoleniowy Polskiego Zwi\u0105zku Bilardowego Bilard Sportem Wszystkich &#8211; III cz.  <\/figcaption><\/figure>\n","protected":false},"excerpt":{"rendered":"<p>Zapisy do klasy I karta zg\u0142oszeniowa do klasy I bilardowejzgoda na publikacj\u0119 wizerunku dzieckao\u015bwiadczenie o [&hellip;]<\/p>\n","protected":false},"author":1,"featured_media":0,"parent":0,"menu_order":0,"comment_status":"closed","ping_status":"closed","template":"","meta":{"footnotes":""},"class_list":["post-11552","page","type-page","status-publish","hentry"],"_links":{"self":[{"href":"https:\/\/sp1.kielce.eu\/index.php\/wp-json\/wp\/v2\/pages\/11552","targetHints":{"allow":["GET"]}}],"collection":[{"href":"https:\/\/sp1.kielce.eu\/index.php\/wp-json\/wp\/v2\/pages"}],"about":[{"href":"https:\/\/sp1.kielce.eu\/index.php\/wp-json\/wp\/v2\/types\/page"}],"author":[{"embeddable":true,"href":"https:\/\/sp1.kielce.eu\/index.php\/wp-json\/wp\/v2\/users\/1"}],"replies":[{"embeddable":true,"href":"https:\/\/sp1.kielce.eu\/index.php\/wp-json\/wp\/v2\/comments?post=11552"}],"version-history":[{"count":23,"href":"https:\/\/sp1.kielce.eu\/index.php\/wp-json\/wp\/v2\/pages\/11552\/revisions"}],"predecessor-version":[{"id":21481,"href":"https:\/\/sp1.kielce.eu\/index.php\/wp-json\/wp\/v2\/pages\/11552\/revisions\/21481"}],"wp:attachment":[{"href":"https:\/\/sp1.kielce.eu\/index.php\/wp-json\/wp\/v2\/media?parent=11552"}],"curies":[{"name":"wp","href":"https:\/\/api.w.org\/{rel}","templated":true}]}}