{"id":11548,"date":"2020-03-06T13:30:08","date_gmt":"2020-03-06T12:30:08","guid":{"rendered":"http:\/\/sp1.kielce.eu\/?page_id=11548"},"modified":"2026-03-09T14:03:17","modified_gmt":"2026-03-09T13:03:17","slug":"oddzial-przedszkolny","status":"publish","type":"page","link":"https:\/\/sp1.kielce.eu\/index.php\/oddzial-przedszkolny\/","title":{"rendered":"Oddzia\u0142 przedszkolny"},"content":{"rendered":"\n<p>Rekrutacja do publicznych przedszkoli i oddzia\u0142\u00f3w przedszkolnych w publicznych szko\u0142ach podstawowych na terenie Miasta Kielce na rok szkolny 2025\/2026.<\/p>\n\n\n\n<p><strong>05.03.2025r. \u2013 11.03.2025r. do godz. 15:00<\/strong> \u2013 odbywa si\u0119 potwierdzanie woli przez rodzic\u00f3w dzieci, ju\u017c ucz\u0119szczaj\u0105cych do przedszkola, o dalszym korzystaniu z us\u0142ug tej samej jednostki.<\/p>\n\n\n\n<p>Rodzice dzieci ju\u017c ucz\u0119szczaj\u0105cych do przedszkoli, kt\u00f3rzy chc\u0105, aby dziecko w kolejnym roku szkolnym ucz\u0119szcza\u0142o do tego przedszkola, sk\u0142adaj\u0105 potwierdzenie osobi\u015bcie lub wysy\u0142aj\u0105c skan potwierdzenia emailem do plac\u00f3wki.&nbsp;<\/p>\n\n\n\n<p><br><strong>12.03.2025r. \u2013 20.03.2025r. do godz. 15:00<\/strong> \u2013 przyjmowanie poda\u0144 od rodzic\u00f3w po raz pierwszy zapisuj\u0105cych dziecko do danego przedszkola\/szko\u0142y. Dane dziecka nale\u017cy wprowadzi\u0107 do systemu za pomoc\u0105 Internetu wype\u0142niaj\u0105c umieszczony na stronie <a href=\"https:\/\/rekrutacje-kielce.pzo.edu.pl\/formico-public\/\">https:\/\/rekrutacje-kielce.pzo.edu.pl\/formico-public\/<\/a> (<strong>logowanie si\u0119 na stronie mo\u017cliwe b\u0119dzie\u00a0 od\u00a0 12.03.2025r.\u00a0 do\u00a0 20.03.2025r<\/strong>.) wniosek, kt\u00f3ry\u00a0po\u00a0wype\u0142nieniu\u00a0nale\u017cy\u00a0wydrukowa\u0107 i\u00a0dostarczy\u0107\u00a0do\u00a0plac\u00f3wki, <strong>kt\u00f3ra zosta\u0142a wybrana na pierwszej pozycji<\/strong>, w\u00a0celu\u00a0zatwierdzenia. Wniosek b\u0119dzie mo\u017cna r\u00f3wnie\u017c z\u0142o\u017cy\u0107, podpisuj\u0105c go w systemie przez profil zaufany (w takim przypadku nie b\u0119dzie ju\u017c potrzeby osobistego dostarczania wniosku), a tak\u017ce wysy\u0142aj\u0105c na email plac\u00f3wki pierwszego wyboru skan podpisanego wniosku i o\u015bwiadcze\u0144.<\/p>\n\n\n\n<p>Zgodnie z uchwa\u0142\u0105 nr VII\/78\/2019 Rady Miasta Kielce z dnia 21 lutego 2019r., rodzic mo\u017ce wybra\u0107&nbsp;<strong>dowoln\u0105&nbsp;liczb\u0119&nbsp;plac\u00f3wek<\/strong>.<br><br><strong>11.04.2025r. do godziny 15:00<\/strong> \u2013 podanie do publicznej wiadomo\u015bci (<strong>poprzez wywieszenie list&nbsp;w&nbsp;plac\u00f3wkach,&nbsp;a&nbsp;tak\u017ce&nbsp;po&nbsp;zalogowaniu&nbsp;si\u0119&nbsp;na&nbsp;swoje&nbsp;konto&nbsp;w&nbsp;systemie)<\/strong>&nbsp;listy&nbsp;kandydat\u00f3w&nbsp;zakwalifikowanych&nbsp;i&nbsp;kandydat\u00f3w&nbsp;niezakwalifikowanych<br><br><strong>do 17.04.2025r. do godziny 15:00<\/strong> \u2013 potwierdzanie przez rodzic\u00f3w dzieci nowoprzyj\u0119tych woli korzystania z us\u0142ug danej plac\u00f3wki, do kt\u00f3rej zakwalifikowa\u0142o si\u0119 dziecko.<\/p>\n\n\n\n<p>Brak z\u0142o\u017cenia takiego potwierdzenia b\u0119dzie skutkowa\u0142 nieprzyj\u0119ciem dziecka do danej plac\u00f3wki.<\/p>\n\n\n\n<p><strong>23.04.2025r. do godziny 12:00<\/strong> \u2013 podanie do publicznej wiadomo\u015bci (poprzez wywieszenie w&nbsp;plac\u00f3wkach)&nbsp;listy&nbsp;kandydat\u00f3w&nbsp;przyj\u0119tych&nbsp;i&nbsp;kandydat\u00f3w&nbsp;nieprzyj\u0119tych&nbsp;do&nbsp;danej plac\u00f3wki.<\/p>\n\n\n\n<p>Zgodnie z ustaw\u0105 prawo o\u015bwiatowe (art. 131), do publicznego przedszkola, oddzia\u0142u przedszkolnego w szkole podstawowej lub publicznej innej formy wychowania przedszkolnego, przyjmuje si\u0119 kandydat\u00f3w zamieszka\u0142ych na obszarze danej gminy. Zgodnie z ustaw\u0105 o ewidencji ludno\u015bci &#8211; Obywatel polski przebywaj\u0105cy na terytorium Rzeczypospolitej Polskiej jest obowi\u0105zany wykonywa\u0107 <strong>obowi\u0105zek meldunkowy<\/strong> polegaj\u0105cy na zameldowaniu si\u0119 \u2013 zgodnie z rodzajem pobytu w&nbsp;danym miejscu \u2013 na pobyt sta\u0142y b\u0105d\u017a czasowy.<\/p>\n\n\n\n<p>Kandydaci zamieszkali poza obszarem danej gminy mog\u0105 by\u0107 przyj\u0119cia do publicznego lub oddzia\u0142u przedszkolnego w publicznej szkole podstawowej na terenie danej gminy, je\u017celi po przeprowadzeniu post\u0119powania rekrutacyjnego gmina dysponuje nadal wolnymi miejscami.<\/p>\n\n\n\n<p>W post\u0119powaniu rekrutacyjnym do publicznych&nbsp; przedszkoli i oddzia\u0142\u00f3w przedszkolnych w&nbsp;publicznych szko\u0142ach podstawowych na rok szkolny 2025\/2026 obowi\u0105zuj\u0105:<\/p>\n\n\n\n<ul class=\"wp-block-list\">\n<li>\u00ad&nbsp;&nbsp;&nbsp;kryteria okre\u015blone w ustawie prawo o\u015bwiatowe tzw. kryteria ustawowe,<\/li>\n\n\n\n<li>\u00ad&nbsp;&nbsp;&nbsp;kryteria ustalone przez Rad\u0119 Miasta Kielce uchwa\u0142\u0105 nr XLIX\/1107\/2017 z dnia 7 grudnia 2017r. oraz uchwa\u0142\u0105 nr XXV\/454\/2020 z dnia 16 stycznia 2020r.<\/li>\n<\/ul>\n\n\n\n<h2 class=\"wp-block-heading\"><strong>Kryteria:<\/strong><\/h2>\n\n\n\n<figure class=\"wp-block-table\"><table><tbody><tr><td><\/td><td><strong>Kryteria ustawowe<\/strong><\/td><td>Liczba<br>punkt\u00f3w<\/td><\/tr><tr><td>1.<\/td><td>Wielodzietno\u015b\u0107 rodziny kandydata<\/td><td><strong>200<\/strong><\/td><\/tr><tr><td>2.<\/td><td>Niepe\u0142nosprawno\u015b\u0107 kandydata<\/td><td><strong>200<\/strong><\/td><\/tr><tr><td>3.<\/td><td>Niepe\u0142nosprawno\u015b\u0107 jednego z rodzic\u00f3w kandydata<\/td><td><strong>200<\/strong><\/td><\/tr><tr><td>4.<\/td><td>Niepe\u0142nosprawno\u015b\u0107 obojga rodzic\u00f3w kandydata<\/td><td><strong>200<\/strong><\/td><\/tr><tr><td>5.<\/td><td>Niepe\u0142nosprawno\u015b\u0107 rodze\u0144stwa kandydata<\/td><td><strong>200<\/strong><\/td><\/tr><tr><td>6.<\/td><td>Samotne wychowywanie kandydata<br>w rodzinie<\/td><td><strong>200<\/strong><\/td><\/tr><tr><td>7.<\/td><td>Obj\u0119cie kandydata piecz\u0105 zast\u0119pcz\u0105<\/td><td><strong>200<\/strong><\/td><\/tr><tr><td><\/td><td><strong>Kryteria samorz\u0105dowe<\/strong><\/td><td><\/td><\/tr><tr><td>1<\/td><td>Rodze\u0144stwo dziecka ucz\u0119szczaj\u0105cego do danego przedszkola lub szko\u0142y<\/td><td><strong>50<\/strong> <\/td><\/tr><tr><td>2<\/td><td>Dziecko obojga rodzic\u00f3w pracuj\u0105cych lub studiuj\u0105cych w systemie dziennym lub dziecko samotnego rodzica\/ opiekuna prawnego, pracuj\u0105cego lub studiuj\u0105cego w systemie dziennym<\/td><td><strong>40<\/strong><\/td><\/tr><tr><td>3<\/td><td>Dziecko poddane obowi\u0105zkowym szczepieniom ochronnym okre\u015blonym w Rozporz\u0105dzeniu ministra w sprawie obowi\u0105zkowych szczepie\u0144 ochronnych lub dziecko, u kt\u00f3rego lekarskie badanie kwalifikacyjne daje podstawy do d\u0142ugotrwa\u0142ego odroczenia obowi\u0105zkowego szczepienia ochronnego<\/td><td><strong>35<\/strong><\/td><\/tr><tr><td>4<\/td><td>Dziecko, kt\u00f3rego jeden z rodzic\u00f3w pracuje lub uczy si\u0119 w systemie dziennym<\/td><td><strong>30<\/strong><\/td><\/tr><tr><td>5<\/td><td>Kryterium dochodowe \u2013 doch\u00f3d na cz\u0142onka rodziny ( w stosunku procentowym do kwoty, o kt\u00f3rej mowa w art. 3 pkt. 1 ustawy o&nbsp;\u015bwiadczeniach rodzinnych):<\/td><td><\/td><\/tr><tr><td><\/td><td>Doch\u00f3d: poni\u017cej 100 % (poni\u017cej 674 z\u0142)<\/td><td><strong>6<\/strong><\/td><\/tr><tr><td><\/td><td>Od 100 % &#8211; poni\u017cej 150 % \u2013 od 674,00 z\u0142 \u2013 1010,99 z\u0142<\/td><td><strong>5<\/strong><\/td><\/tr><tr><td><\/td><td>Od 150 % &#8211; poni\u017cej 200 % \u2013 1011,00 z\u0142 \u2013 1347,99 z\u0142<\/td><td><strong>4<\/strong><\/td><\/tr><tr><td><\/td><td>Od 200 % &#8211; poni\u017cej 250 % &#8211; 1348,00 \u2013 1684,99 z\u0142<\/td><td><strong>3<\/strong><\/td><\/tr><tr><td><\/td><td>od 250 % &#8211; poni\u017cej 300 % &#8211; od 1685,00 z\u0142 \u2013 2021,99 z\u0142<\/td><td><strong>2<\/strong><\/td><\/tr><tr><td><\/td><td>od 300 % &#8211; od 2022,00 z\u0142<\/td><td><strong>1<\/strong><\/td><\/tr><\/tbody><\/table><\/figure>\n\n\n\n<ul class=\"wp-block-list\">\n<li>Ka\u017cdemu kryterium przypisana jest okre\u015blona liczba punkt\u00f3w.<\/li>\n\n\n\n<li>Spe\u0142nianie kryteri\u00f3w nale\u017cy potwierdzi\u0107, do\u0142\u0105czaj\u0105c do wniosku okre\u015blone ni\u017cej dokumenty.<\/li>\n\n\n\n<li>W przypadku nieprzed\u0142o\u017cenia dokument\u00f3w potwierdzaj\u0105cych spe\u0142nianie kryteri\u00f3w oraz w sytuacji&nbsp; braku potwierdzenia okoliczno\u015bci zawartych w o\u015bwiadczeniu, komisja rekrutacyjna, rozpatruj\u0105c wniosek, nie uwzgl\u0119dnia danego kryterium.<\/li>\n<\/ul>\n\n\n\n<ul class=\"wp-block-list\">\n<li>Wielodzietno\u015b\u0107 rodziny kandydata oznacza rodzin\u0119, kt\u00f3ra wychowuje troje i wi\u0119cej dzieci (art. 4 ustawy prawo o\u015bwiatowe).<\/li>\n\n\n\n<li>Samotne wychowywanie dziecka oznacza wychowywanie dziecka przez pann\u0119, kawalera, wdow\u0119, wdowca, osob\u0119 pozostaj\u0105c\u0105 w separacji orzeczonej prawomocnym wyrokiem s\u0105du, osob\u0119 rozwiedzion\u0105, chyba \u017ce osoba taka wychowuje wsp\u00f3lnie co najmniej jedno dziecko z jego rodzicem (art. 4 ustawy prawo o\u015bwiatowe).<\/li>\n\n\n\n<li>Pod poj\u0119ciem dochodu rozumie si\u0119 <strong>doch\u00f3d<\/strong>, o kt\u00f3rym mowa w art. 3 pkt 1 ustawy z&nbsp;dnia 28 listopada 2003r. o \u015bwiadczeniach rodzinnych, (Dz. U. z 2024 poz. 323 z p\u00f3\u017an. zm.) z&nbsp;tym, \u017ce w przypadku przychod\u00f3w podlegaj\u0105cych opodatkowaniu na zasadach og\u00f3lnych okre\u015blonych w art. 27, art.. 30b, art. 30c i art. 30e ustawy z dnia 26 lipca 1991r. o podatku dochodowych od os\u00f3b fizycznych (Dz. U. z 2024 poz. 226 z p\u00f3\u017an. zm.), pomniejsza si\u0119 je o koszty uzyskania przychodu, zaliczki na podatek dochodowy od os\u00f3b fizycznych, sk\u0142adki na ubezpieczenie spo\u0142eczne niezaliczone do koszt\u00f3w uzyskania przychodu oraz sk\u0142adki na ubezpieczenie zdrowotne.<\/li>\n<\/ul>\n\n\n\n<p><strong>Dokumenty, kt\u00f3re rodzice\/prawni opiekunowie do\u0142\u0105czaj\u0105 do wniosku: &nbsp;<\/strong><\/p>\n\n\n\n<p>Dokumenty potwierdzaj\u0105ce spe\u0142nianie kryteri\u00f3w ustawowych (art. 150 ustawy prawo o\u015bwiatowe):<\/p>\n\n\n\n<p>1)&nbsp;&nbsp;&nbsp;&nbsp;&nbsp; O\u015bwiadczenie o wielodzietno\u015bci rodziny kandydata.<\/p>\n\n\n\n<p>2)&nbsp;&nbsp;&nbsp;&nbsp;&nbsp; Orzeczenie o potrzebie kszta\u0142cenia specjalnego wydane ze wzgl\u0119du na niepe\u0142nosprawno\u015b\u0107, orzeczenie o niepe\u0142nosprawno\u015bci lub o stopniu niepe\u0142nosprawno\u015bci lub orzeczenie r\u00f3wnowa\u017cne w rozumieniu przepis\u00f3w ustawy z dnia 27 sierpnia 1997 r. o&nbsp;rehabilitacji zawodowej i spo\u0142ecznej oraz zatrudnianiu os\u00f3b niepe\u0142nosprawnych (Dz. U. z&nbsp;2024 poz. 44).<\/p>\n\n\n\n<p>3)&nbsp;&nbsp;&nbsp;&nbsp;&nbsp; Prawomocny wyrok s\u0105du rodzinnego orzekaj\u0105cy rozw\u00f3d lub separacj\u0119 lub akt zgonu <strong>oraz<\/strong> o\u015bwiadczenie o samotnym wychowywaniu dziecka oraz niewychowywaniu dziecka wsp\u00f3lnie z&nbsp;jego rodzicem.<\/p>\n\n\n\n<p>4)&nbsp;&nbsp;&nbsp;&nbsp;&nbsp; Dokument po\u015bwiadczaj\u0105cy obj\u0119cie dziecka piecz\u0105 zast\u0119pcz\u0105 zgodnie z ustaw\u0105<br>z dnia 9 czerwca 2011 r. o wspieraniu rodziny i pieczy zast\u0119pczej (Dz. U. z 2024 poz.177 z&nbsp;p\u00f3\u017an. zm.).<\/p>\n\n\n\n<p><em>Dokumenty sk\u0142ada si\u0119 w oryginale, formie notarialnie po\u015bwiadczonej kopii albo w&nbsp;postaci urz\u0119dowo po\u015bwiadczonego odpisu lub wyci\u0105gu z dokumentu lub kopii po\u015bwiadczonej za zgodno\u015b\u0107 z orygina\u0142em przez rodzica\/prawnego opiekuna.<\/em><\/p>\n\n\n\n<p>Dokumenty potwierdzaj\u0105ce spe\u0142nianie przez kandydata kryteri\u00f3w samorz\u0105dowych:<\/p>\n\n\n\n<p>Kryteria samorz\u0105dowe potwierdzane s\u0105 odpowiednimi o\u015bwiadczeniami sk\u0142adanymi przez rodzic\u00f3w\/ opiekun\u00f3w prawnych dziecka.<\/p>\n\n\n\n<p><em>O\u015bwiadczenia sk\u0142ada si\u0119 pod rygorem odpowiedzialno\u015bci karnej za sk\u0142adanie fa\u0142szywych zezna\u0144. Sk\u0142adaj\u0105cy o\u015bwiadczenie jest obowi\u0105zany do zawarcia w nim klauzuli nast\u0119puj\u0105cej tre\u015bci: \u201eJestem \u015bwiadomy odpowiedzialno\u015bci karnej za z\u0142o\u017cenie fa\u0142szywego o\u015bwiadczenia\u201d.&nbsp;<\/em><\/p>\n\n\n\n<p>Przewodnicz\u0105cy komisji rekrutacyjnej mo\u017ce za\u017c\u0105da\u0107 dokument\u00f3w potwierdzaj\u0105cych okoliczno\u015bci zawarte w o\u015bwiadczeniach, w terminie wyznaczonym przez przewodnicz\u0105cego, lub mo\u017ce zwr\u00f3ci\u0107 si\u0119 do Prezydenta Miasta o potwierdzenie tych okoliczno\u015bci. (art. 150 pkt. 7 ustawy o prawo o\u015bwiatowe)<\/p>\n\n\n\n<p>O\u015bwiadczenie o samotnym wychowywaniu mo\u017ce by\u0107 zweryfikowane w drodze wywiadu, o&nbsp;kt\u00f3rym mowa w ustawie z dnia 11 lutego 2016r. o pomocy pa\u0144stwa w wychowywaniu dzieci. (Dz. U. z 2024 poz. 1576 z p\u00f3\u017an. zm.).<\/p>\n\n\n\n<p>Wydrukowany i wype\u0142niony wniosek&nbsp;nale\u017cy&nbsp;dostarczy\u0107&nbsp;do&nbsp;sekretariatu szko\u0142y<\/p>\n\n\n\n<p><\/p>\n","protected":false},"excerpt":{"rendered":"<p>Rekrutacja do publicznych przedszkoli i oddzia\u0142\u00f3w przedszkolnych w publicznych szko\u0142ach podstawowych na terenie Miasta Kielce [&hellip;]<\/p>\n","protected":false},"author":1,"featured_media":0,"parent":0,"menu_order":0,"comment_status":"closed","ping_status":"closed","template":"","meta":{"footnotes":""},"class_list":["post-11548","page","type-page","status-publish","hentry"],"_links":{"self":[{"href":"https:\/\/sp1.kielce.eu\/index.php\/wp-json\/wp\/v2\/pages\/11548","targetHints":{"allow":["GET"]}}],"collection":[{"href":"https:\/\/sp1.kielce.eu\/index.php\/wp-json\/wp\/v2\/pages"}],"about":[{"href":"https:\/\/sp1.kielce.eu\/index.php\/wp-json\/wp\/v2\/types\/page"}],"author":[{"embeddable":true,"href":"https:\/\/sp1.kielce.eu\/index.php\/wp-json\/wp\/v2\/users\/1"}],"replies":[{"embeddable":true,"href":"https:\/\/sp1.kielce.eu\/index.php\/wp-json\/wp\/v2\/comments?post=11548"}],"version-history":[{"count":31,"href":"https:\/\/sp1.kielce.eu\/index.php\/wp-json\/wp\/v2\/pages\/11548\/revisions"}],"predecessor-version":[{"id":41222,"href":"https:\/\/sp1.kielce.eu\/index.php\/wp-json\/wp\/v2\/pages\/11548\/revisions\/41222"}],"wp:attachment":[{"href":"https:\/\/sp1.kielce.eu\/index.php\/wp-json\/wp\/v2\/media?parent=11548"}],"curies":[{"name":"wp","href":"https:\/\/api.w.org\/{rel}","templated":true}]}}