{"id":11546,"date":"2020-03-06T13:30:51","date_gmt":"2020-03-06T12:30:51","guid":{"rendered":"http:\/\/sp1.kielce.eu\/?page_id=11546"},"modified":"2026-03-10T14:32:19","modified_gmt":"2026-03-10T13:32:19","slug":"rekrutacja","status":"publish","type":"page","link":"https:\/\/sp1.kielce.eu\/index.php\/rekrutacja\/","title":{"rendered":"Zapisy do klasy I"},"content":{"rendered":"\n<p><strong>Informujemy, \u017ce rozpocz\u0119\u0142y si\u0119&nbsp;zapisy dzieci do klasy I w Szkole Podstawowej nr 1 im Stanis\u0142awa Staszica&nbsp;w Kielcach&nbsp;na rok szkolny 2026\/2027.<\/strong><\/p>\n\n\n\n<p><strong>Oferujemy pierwsz\u0105 w mie\u015bcie klas\u0119 o profilu&nbsp;taneczno- gimnastycznym!<\/strong><\/p>\n\n\n\n<figure class=\"wp-block-gallery has-nested-images columns-default is-cropped wp-block-gallery-1 is-layout-flex wp-block-gallery-is-layout-flex\">\n<figure class=\"wp-block-image size-large\"><img loading=\"lazy\" decoding=\"async\" width=\"600\" height=\"900\" data-id=\"41214\" src=\"https:\/\/sp1.kielce.eu\/wp-content\/uploads\/2026\/03\/taniec.jpg\" alt=\"\" class=\"wp-image-41214\" srcset=\"https:\/\/sp1.kielce.eu\/wp-content\/uploads\/2026\/03\/taniec.jpg 600w, https:\/\/sp1.kielce.eu\/wp-content\/uploads\/2026\/03\/taniec-200x300.jpg 200w\" sizes=\"auto, (max-width: 600px) 100vw, 600px\" \/><\/figure>\n<\/figure>\n\n\n\n<p>Spe\u0142nianie obowi\u0105zku szkolnego rozpoczynaj\u0105 dzieci&nbsp;<strong>urodzone w 2019 r.<\/strong><\/p>\n\n\n\n<p>Na wniosek rodzic\u00f3w nauk\u0119 w klasie pierwszej mog\u0105 rozpocz\u0105\u0107 te\u017c dzieci urodzone w 2020&nbsp; roku, je\u017celi w roku szkolnym 2025\/2026 ucz\u0119szcza\u0142y do oddzia\u0142u przedszkolnego lub posiadaj\u0105 pozytywn\u0105 opini\u0119 PPP o psychofizycznej dojrza\u0142o\u015bci do podj\u0119cia nauki szkolnej.<\/p>\n\n\n\n<p>W przypadku uzasadnionym wa\u017cnymi przyczynami rozpocz\u0119cie spe\u0142niania obowi\u0105zku szkolnego przez dziecko, mo\u017ce ono by\u0107 odroczone, nie d\u0142u\u017cej jednak ni\u017c o 1 rok. Decyzj\u0119 w sprawie odroczenia obowi\u0105zku szkolnego podejmuje dyrektor szko\u0142y rejonowej dziecka na podstawie opinii poradni psychologiczno- pedagogicznej.<\/p>\n\n\n\n<p>Zapisy odbywaj\u0105 si\u0119 w sekretariacie szko\u0142y godz<strong>. 7.30 \u2013 15.30.<\/strong><\/p>\n\n\n\n<p>Do klasy pierwszej szko\u0142y podstawowej przyjmowane s\u0105:<\/p>\n\n\n\n<ol class=\"wp-block-list\">\n<li><strong>Dzieci zamieszka\u0142e w obwodzie szko\u0142y na podstawie karty zg\u0142oszenia rodzic\u00f3w\/prawnych opiekun\u00f3w (karta zg\u0142oszenia \u2013 dokument do pobrania poni\u017cej).<\/strong><\/li>\n<\/ol>\n\n\n\n<p>Przy zg\u0142oszeniu dziecka do szko\u0142y nale\u017cy okaza\u0107 do wgl\u0105du dow\u00f3d osobisty rodzica\/prawnego opiekuna, odpis aktu urodzenia dziecka lub inny dokument potwierdzaj\u0105cy dane, a tak\u017ce dokument potwierdzaj\u0105cy zameldowanie\/zamieszkanie w obwodzie szko\u0142y).<\/p>\n\n\n\n<ol start=\"2\" class=\"wp-block-list\">\n<li><strong>Dzieci spoza obwodu s\u0105 przyjmowani do klasy pierwszej, je\u017celi szko\u0142a dysponuje wolnymi miejscami na podstawie wniosku rodzic\u00f3w\/prawnych opiekun\u00f3w (Wniosek o przyj\u0119cie \u2013 dokument do pobrania poni\u017cej).<\/strong><\/li>\n<\/ol>\n\n\n\n<p>Wnioski nale\u017cy dostarczy\u0107 do sekretariatu szko\u0142y do 8 maja 2026 do godz. 15.00.<\/p>\n\n\n\n<p>Do wniosku nale\u017cy okaza\u0107 do wgl\u0105du dow\u00f3d osobisty rodzica\/prawnego opiekuna, odpis aktu urodzenia dziecka lub inny dokument potwierdzaj\u0105cy dane.<\/p>\n\n\n\n<p>W drugiej po\u0142owie sierpnia podana zostanie do publicznej wiadomo\u015bci lista uczni\u00f3w przyj\u0119tych i nieprzyj\u0119tych.<\/p>\n\n\n\n<p>W przypadku podj\u0119cia decyzji o zapisie dziecka zamieszka\u0142ego w rejonie do szko\u0142y innej ni\u017c SP 1 w Kielcach,&nbsp;<strong>rodzic zobowi\u0105zany jest do niezw\u0142ocznego powiadomienia SP 1 (najp\u00f3\u017aniej do 30 wrze\u015bnia 2026r.)<\/strong>&nbsp;o miejscu realizacji obowi\u0105zku szkolnego przez dziecko.<\/p>\n\n\n\n<p><strong>Dokumenty do pobrania:<\/strong><br><a href=\"https:\/\/sp1.kielce.eu\/wp-content\/uploads\/2026\/03\/karta-zgloszenie-do-1-klasy-2026-2027.docx\">karta zg\u0142oszenia dziecka do klasy pierwszej<\/a><br><a href=\"https:\/\/sp1.kielce.eu\/wp-content\/uploads\/2026\/03\/wniosek-o-przyjecie.docx\">wniosek o przyj\u0119cie dziecka do klasy I<\/a><br><a href=\"https:\/\/sp1.kielce.eu\/wp-content\/uploads\/2026\/03\/oswiadczenie-religia-etyka-3.docx\">o\u015bwiadczenie o ucz\u0119szczaniu na lekcje religii<\/a><\/p>\n\n\n\n<p><\/p>\n","protected":false},"excerpt":{"rendered":"<p>Informujemy, \u017ce rozpocz\u0119\u0142y si\u0119&nbsp;zapisy dzieci do klasy I w Szkole Podstawowej nr 1 im Stanis\u0142awa [&hellip;]<\/p>\n","protected":false},"author":1,"featured_media":41213,"parent":0,"menu_order":0,"comment_status":"closed","ping_status":"closed","template":"","meta":{"footnotes":""},"class_list":["post-11546","page","type-page","status-publish","has-post-thumbnail","hentry"],"_links":{"self":[{"href":"https:\/\/sp1.kielce.eu\/index.php\/wp-json\/wp\/v2\/pages\/11546","targetHints":{"allow":["GET"]}}],"collection":[{"href":"https:\/\/sp1.kielce.eu\/index.php\/wp-json\/wp\/v2\/pages"}],"about":[{"href":"https:\/\/sp1.kielce.eu\/index.php\/wp-json\/wp\/v2\/types\/page"}],"author":[{"embeddable":true,"href":"https:\/\/sp1.kielce.eu\/index.php\/wp-json\/wp\/v2\/users\/1"}],"replies":[{"embeddable":true,"href":"https:\/\/sp1.kielce.eu\/index.php\/wp-json\/wp\/v2\/comments?post=11546"}],"version-history":[{"count":11,"href":"https:\/\/sp1.kielce.eu\/index.php\/wp-json\/wp\/v2\/pages\/11546\/revisions"}],"predecessor-version":[{"id":41240,"href":"https:\/\/sp1.kielce.eu\/index.php\/wp-json\/wp\/v2\/pages\/11546\/revisions\/41240"}],"wp:featuredmedia":[{"embeddable":true,"href":"https:\/\/sp1.kielce.eu\/index.php\/wp-json\/wp\/v2\/media\/41213"}],"wp:attachment":[{"href":"https:\/\/sp1.kielce.eu\/index.php\/wp-json\/wp\/v2\/media?parent=11546"}],"curies":[{"name":"wp","href":"https:\/\/api.w.org\/{rel}","templated":true}]}}