{"id":11000,"date":"2020-02-12T10:48:35","date_gmt":"2020-02-12T09:48:35","guid":{"rendered":"http:\/\/sp1.kielce.eu\/?page_id=11000"},"modified":"2021-02-15T22:13:28","modified_gmt":"2021-02-15T21:13:28","slug":"rejestr-faktur-i-rachunkow-2020","status":"publish","type":"page","link":"https:\/\/sp1.kielce.eu\/index.php\/rejestr-faktur-i-rachunkow-2020\/","title":{"rendered":"Rejestr faktur i rachunk\u00f3w \u2013 2020"},"content":{"rendered":"\n<p><a href=\"http:\/\/sp1.kielce.eu\/wp-content\/uploads\/2020\/02\/faktura-2020-01.pdf\">Stycze\u0144<\/a><br><a href=\"http:\/\/sp1.kielce.eu\/wp-content\/uploads\/2020\/04\/faktura-2020-02.pdf\">Luty<\/a><br><a href=\"http:\/\/sp1.kielce.eu\/wp-content\/uploads\/2020\/04\/faktura-2020-03.pdf\">Marzec<\/a><br><a href=\"http:\/\/sp1.kielce.eu\/wp-content\/uploads\/2020\/05\/faktura-2020-04.pdf\">Kwiecie\u0144<\/a><br><a href=\"http:\/\/sp1.kielce.eu\/wp-content\/uploads\/2020\/06\/faktura-2020-05.pdf\">Maj<\/a><br><a href=\"http:\/\/sp1.kielce.eu\/wp-content\/uploads\/2020\/08\/faktura-2020-06.pdf\">Czerwiec<\/a><br><a href=\"http:\/\/sp1.kielce.eu\/wp-content\/uploads\/2020\/08\/faktura-2020-07.pdf\">Lipiec<\/a><br><a href=\"http:\/\/sp1.kielce.eu\/wp-content\/uploads\/2020\/10\/faktura-2020-08.pdf\">Sierpie\u0144<\/a><br><a href=\"http:\/\/sp1.kielce.eu\/wp-content\/uploads\/2020\/10\/faktura-2020-09.pdf\">Wrzesie\u0144<\/a><br><a href=\"http:\/\/sp1.kielce.eu\/wp-content\/uploads\/2020\/11\/faktura-2020-10.pdf\">Pa\u017adziernik<\/a><br><a href=\"http:\/\/sp1.kielce.eu\/wp-content\/uploads\/2021\/02\/faktura-2020-11.pdf\">Listopad<\/a><br><a href=\"http:\/\/sp1.kielce.eu\/wp-content\/uploads\/2021\/02\/faktura-2020-12.pdf\">Grudzie\u0144<\/a><\/p>\n","protected":false},"excerpt":{"rendered":"<p>Stycze\u0144LutyMarzecKwiecie\u0144MajCzerwiecLipiecSierpie\u0144Wrzesie\u0144Pa\u017adziernikListopadGrudzie\u0144<\/p>\n","protected":false},"author":4,"featured_media":0,"parent":0,"menu_order":0,"comment_status":"closed","ping_status":"closed","template":"","meta":{"footnotes":""},"class_list":["post-11000","page","type-page","status-publish","hentry"],"_links":{"self":[{"href":"https:\/\/sp1.kielce.eu\/index.php\/wp-json\/wp\/v2\/pages\/11000","targetHints":{"allow":["GET"]}}],"collection":[{"href":"https:\/\/sp1.kielce.eu\/index.php\/wp-json\/wp\/v2\/pages"}],"about":[{"href":"https:\/\/sp1.kielce.eu\/index.php\/wp-json\/wp\/v2\/types\/page"}],"author":[{"embeddable":true,"href":"https:\/\/sp1.kielce.eu\/index.php\/wp-json\/wp\/v2\/users\/4"}],"replies":[{"embeddable":true,"href":"https:\/\/sp1.kielce.eu\/index.php\/wp-json\/wp\/v2\/comments?post=11000"}],"version-history":[{"count":10,"href":"https:\/\/sp1.kielce.eu\/index.php\/wp-json\/wp\/v2\/pages\/11000\/revisions"}],"predecessor-version":[{"id":15333,"href":"https:\/\/sp1.kielce.eu\/index.php\/wp-json\/wp\/v2\/pages\/11000\/revisions\/15333"}],"wp:attachment":[{"href":"https:\/\/sp1.kielce.eu\/index.php\/wp-json\/wp\/v2\/media?parent=11000"}],"curies":[{"name":"wp","href":"https:\/\/api.w.org\/{rel}","templated":true}]}}