{"id":101,"date":"2017-03-03T22:39:13","date_gmt":"2017-03-03T21:39:13","guid":{"rendered":"http:\/\/sp1.kielce.eu\/?page_id=101"},"modified":"2019-11-04T20:36:00","modified_gmt":"2019-11-04T19:36:00","slug":"misja-szkoly","status":"publish","type":"page","link":"https:\/\/sp1.kielce.eu\/index.php\/misja-szkoly\/","title":{"rendered":"Misja szko\u0142y"},"content":{"rendered":"<p><script><br \/>\n  (function(i,s,o,g,r,a,m){i['GoogleAnalyticsObject']=r;i[r]=i[r]||function(){<br \/>\n  (i[r].q=i[r].q||[]).push(arguments)},i[r].l=1*new Date();a=s.createElement(o),<br \/>\n  m=s.getElementsByTagName(o)[0];a.async=1;a.src=g;m.parentNode.insertBefore(a,m)<br \/>\n  })(window,document,'script','https:\/\/www.google-analytics.com\/analytics.js','ga');<\/p>\n<p>  ga('create', 'UA-93996119-1', 'auto');<br \/>\n  ga('send', 'pageview');<\/p>\n<p><\/script><\/p>\n<p align=\"center\"><span style=\"color: #ff0000;\"><span style=\"font-family: Lucida Handwriting, cursive;\"><span style=\"font-size: x-large;\"><b>Misja i wizja szko\u0142y<\/b><\/span><\/span><\/span><\/p>\n<p align=\"center\"><span style=\"color: #000000;\"><span style=\"font-family: Times New Roman, serif;\"><span style=\"font-size: large;\"><b>TRADYCJA (SPORT) + 8. KOMPETENCJI KLUCZOWYCH<\/b><\/span><\/span><\/span><\/p>\n<p align=\"center\"><span style=\"color: #000000;\"> <span style=\"font-family: Times New Roman, serif;\"><span style=\"font-size: large;\"><b>= PROFILAKTYKA BEZPIECZE\u0143STWA<\/b><\/span><\/span><\/span><\/p>\n<p align=\"center\"><span style=\"color: #0000ff;\">\u201e<span style=\"font-family: Times New Roman, serif;\"><span style=\"font-size: large;\"><i><b>Sport sprzyja poszukiwaniu w\u0142asnych marze\u0144. <\/b><\/i><\/span><\/span><\/span><\/p>\n<p align=\"center\"><span style=\"color: #0000ff;\"><span style=\"font-family: Times New Roman, serif;\"><span style=\"font-size: large;\"><i><b>Marzenia to nie jest bowiem co\u015b, <\/b><\/i><\/span><\/span><\/span><\/p>\n<p align=\"center\"><span style=\"color: #0000ff;\"><span style=\"font-family: Times New Roman, serif;\"><span style=\"font-size: large;\"><i><b>co jest nam dane przez natur\u0119, <\/b><\/i><\/span><\/span><\/span><\/p>\n<p align=\"center\"><span style=\"color: #0000ff;\"><span style=\"font-family: Times New Roman, serif;\"><span style=\"font-size: large;\"><i><b>tylko co\u015b,<\/b><\/i><\/span><\/span><\/span><\/p>\n<p align=\"center\"><span style=\"color: #0000ff;\"> <span style=\"font-family: Times New Roman, serif;\"><span style=\"font-size: large;\"><i><b>do czego dochodzimy w trakcie naszego rozwoju\u201d<\/b><\/i><\/span><\/span><\/span><\/p>\n<p align=\"center\"><span style=\"font-family: Times New Roman, serif;\"><span style=\"font-size: medium;\"><i><b>Otylia J\u0119drzejczak<\/b><\/i><\/span><\/span><\/p>\n<p align=\"center\"><span style=\"font-family: Times New Roman, serif;\"><span style=\"font-size: medium;\"><i><b>+<\/b><\/i><\/span><\/span><\/p>\n<p align=\"center\"><span style=\"color: #0000cc;\">\u201e<span style=\"font-family: Times New Roman, serif;\"><span style=\"font-size: large;\"><b>Talent jest jak kawa\u0142ek szlachetnego, ale surowego metalu: dopiero pilna praca go obrobi i warto\u015b\u0107 mu wielk\u0105 nada\u201d <\/b><\/span><\/span><\/span><\/p>\n<p align=\"center\"><span style=\"color: #000000;\"><span style=\"font-family: Times New Roman, serif;\"><span style=\"font-size: large;\"><i><b><cite><span style=\"font-size: medium;\">Stanis\u0142aw Staszic<\/span><\/cite><cite> <\/cite><\/b><\/i><\/span><\/span><\/span><\/p>\n<p align=\"center\"><span style=\"color: #ff3333;\"><span style=\"font-family: Times New Roman, serif;\"><span style=\"font-size: large;\"><b>MISJA<\/b><\/span><\/span><\/span><\/p>\n<p align=\"justify\"><span style=\"font-family: Times New Roman, serif;\"> Ukszta\u0142towanie absolwenta wra\u017cliwego na pi\u0119kno i potrzeby wsp\u00f3\u0142czesnego \u015bwiata oraz wyposa\u017cenie go w wiedz\u0119 i umiej\u0119tno\u015bci potrzebne do dalszego kszta\u0142cenia, do samodzielnego i odpowiedzialnego dzia\u0142ania.<\/span><\/p>\n<p align=\"center\"><span style=\"color: #ff3333;\"><span style=\"font-family: Times New Roman, serif;\"><span style=\"font-size: large;\"><b>WIZJA<\/b><\/span><\/span><\/span><\/p>\n<p align=\"justify\"><span style=\"font-family: Times New Roman, serif;\">Szko\u0142a jest ukierunkowana na potrzeby dziecka, jego \u015brodowiska rodzinnego i lokalnego. Zapewnia dobre przygotowania ucznia do nast\u0119pnego etapu kszta\u0142cenia, a jednocze\u015bnie jest podatna na modyfikacje umo\u017cliwiaj\u0105ce wprowadzenie innowacji i eksperyment\u00f3w pedagogicznych. Podejmowane przez szko\u0142\u0119 dzia\u0142ania umo\u017cliwiaj\u0105 uczniom odkrywanie \u015bwiata i ich miejsca w \u015bwiecie w spos\u00f3b niekonwencjonalny, wieloaspektowy i tw\u00f3rczy, buduj\u0105c zintegrowany obraz rzeczywisto\u015bci. <\/span><span style=\"font-family: Times New Roman, serif;\">Szko\u0142a s<\/span><span style=\"font-family: Times New Roman, serif;\">twarza mo\u017cliwo\u015bci wszechstronnego rozwoju oraz nabycia umiej\u0119tno\u015bci kluczowych, kt\u00f3re s\u0105 niezb\u0119dne cz\u0142owiekowi XXI wieku do \u015bwiadomego i odpowiedzialnego funkcjonowania we wsp\u00f3\u0142czesnym \u015bwiecie oraz odnalezienia si\u0119 na ustawicznie zmieniaj\u0105cym si\u0119 rynku pracy. <\/span><\/p>\n<p align=\"justify\"><span style=\"font-family: Times New Roman, serif;\">Jednolity system oceniania uwzgl\u0119dniaj\u0105cy zaanga\u017cowanie i wk\u0142ad pracy ucznia wspiera jego rozw\u00f3j, uczy samooceny swojej pracy i umiej\u0119tno\u015bci \u015bledzenia post\u0119p\u00f3w w nauce. Wprowadzone zasady norm i regu\u0142y wsp\u00f3\u0142\u017cycia spo\u0142ecznego s\u0105 konsekwentnie przestrzegane i egzekwowane.<\/span><\/p>\n<p align=\"justify\"><span style=\"font-family: Times New Roman, serif;\">Bezpieczne warunki rozwoju psychicznego i fizycznego oraz du\u017ca r\u00f3\u017cnorodno\u015b\u0107 zaj\u0119\u0107 pozalekcyjnych sprawiaj\u0105, \u017ce ucze\u0144 jest zadowolony i ma satysfakcj\u0119 z pobytu w szkole. <\/span><\/p>\n<p align=\"justify\"><span style=\"font-family: Times New Roman, serif;\">Czyste, kolorowe wn\u0119trza, atrakcyjne \u2013 zielone tereny wok\u00f3\u0142 szko\u0142y pog\u0142\u0119biaj\u0105 poczucie bezpiecze\u0144stwa i sprawiaj\u0105, \u017ce ucze\u0144 ch\u0119tnie tu przebywa.<\/span><\/p>\n<p align=\"justify\"><span style=\"font-family: Times New Roman, serif;\"> Osi\u0105gane sukcesy w pracy dydaktyczno \u2013 wychowawczej s\u0105 wynikiem zaanga\u017cowania wysoko wykwalifikowanej, do\u015bwiadczonej i kompetentnej kadry pedagogicznej, \u015bwiadomej realizowanej misji i otwartej na potrzeby ucznia. Wsp\u00f3\u0142dzia\u0142a ona ze \u015brodowiskiem rodzinnym dziecka w zakresie wychowania i r\u00f3\u017cnych sfer rozwoju, podejmuj\u0105c inicjatywy integruj\u0105ce \u015brodowisko lokalne i wsp\u00f3\u0142pracuj\u0105c z instytucjami, kt\u00f3rych dzia\u0142ania statutowe s\u0105 zbli\u017cone lub zbie\u017cne.<\/span><\/p>\n<p align=\"justify\"><span style=\"font-family: Times New Roman, serif;\"> Rodzice aktywnie uczestnicz\u0105 w \u017cycie szko\u0142y, s\u0105 partnerami we wszystkich podejmowanych dzia\u0142aniach, wsp\u00f3\u0142tworz\u0105 prawo szkolne i programy, wspomagaj\u0105c ich realizacj\u0119, a tak\u017ce nowe formy zaj\u0105\u0107 wp\u0142ywaj\u0105ce na rozw\u00f3j fizyczny i kulturowy uczni\u00f3w. <\/span><\/p>\n<p align=\"justify\"><span style=\"font-family: Times New Roman, serif;\">Realizacja zada\u0144 szkolnych mo\u017cliwa jest dzi\u0119ki odpowiedniej bazie materialnej: doskonale wyposa\u017conym pracowniom, nowoczesnym &#8211; pomocom dydaktycznym, dost\u0119powi do wsp\u00f3\u0142czesnych \u017ar\u00f3de\u0142 wiedzy i poznania.<\/span><\/p>\n<p align=\"center\"><span style=\"color: #0000cc;\"><span style=\"font-family: Times New Roman, serif;\"><span style=\"font-size: large;\"><span lang=\"pl-PL\"><b>KSZTA\u0141TOWANE <\/b><\/span><\/span><\/span><span style=\"font-family: Times New Roman, serif;\"><span style=\"font-size: large;\"><b>WARTO\u015aCI <\/b><\/span><\/span><\/span><\/p>\n<p align=\"center\"><span style=\"font-family: Times New Roman, serif;\"><span lang=\"pl-PL\">s<\/span><\/span><span style=\"font-family: Times New Roman, serif;\">z<\/span><span style=\"font-family: Times New Roman, serif;\"><span lang=\"pl-PL\">acunek,<\/span><\/span><\/p>\n<p align=\"center\"><span style=\"font-family: Times New Roman, serif;\"><span lang=\"pl-PL\">prawda<\/span><\/span><span style=\"font-family: Times New Roman, serif;\">,<\/span><\/p>\n<p align=\"center\"><span style=\"font-family: Times New Roman, serif;\"><span lang=\"pl-PL\">dobro<\/span><\/span><span style=\"font-family: Times New Roman, serif;\">,<\/span><\/p>\n<p align=\"center\"><span style=\"font-family: Times New Roman, serif;\">poczucie w\u0142asnej godno\u015bci<\/span><span style=\"font-family: Times New Roman, serif;\"><span lang=\"pl-PL\">,<\/span><\/span><\/p>\n<p align=\"center\"><span style=\"font-family: Times New Roman, serif;\">tolerancja<\/span><span style=\"font-family: Times New Roman, serif;\"><span lang=\"pl-PL\">,<\/span><\/span><\/p>\n<p align=\"center\"><span style=\"font-family: Times New Roman, serif;\">przyja\u017a\u0144, <\/span><\/p>\n<p align=\"center\"><span style=\"font-family: Times New Roman, serif;\">patriotyzm<\/span><span style=\"font-family: Times New Roman, serif;\"><span lang=\"pl-PL\">.<\/span><\/span><\/p>\n","protected":false},"excerpt":{"rendered":"<p>Misja i wizja szko\u0142y TRADYCJA (SPORT) + 8. KOMPETENCJI KLUCZOWYCH = PROFILAKTYKA BEZPIECZE\u0143STWA \u201eSport sprzyja [&hellip;]<\/p>\n","protected":false},"author":1,"featured_media":0,"parent":0,"menu_order":0,"comment_status":"closed","ping_status":"closed","template":"","meta":{"footnotes":""},"class_list":["post-101","page","type-page","status-publish","hentry"],"_links":{"self":[{"href":"https:\/\/sp1.kielce.eu\/index.php\/wp-json\/wp\/v2\/pages\/101","targetHints":{"allow":["GET"]}}],"collection":[{"href":"https:\/\/sp1.kielce.eu\/index.php\/wp-json\/wp\/v2\/pages"}],"about":[{"href":"https:\/\/sp1.kielce.eu\/index.php\/wp-json\/wp\/v2\/types\/page"}],"author":[{"embeddable":true,"href":"https:\/\/sp1.kielce.eu\/index.php\/wp-json\/wp\/v2\/users\/1"}],"replies":[{"embeddable":true,"href":"https:\/\/sp1.kielce.eu\/index.php\/wp-json\/wp\/v2\/comments?post=101"}],"version-history":[{"count":4,"href":"https:\/\/sp1.kielce.eu\/index.php\/wp-json\/wp\/v2\/pages\/101\/revisions"}],"predecessor-version":[{"id":8726,"href":"https:\/\/sp1.kielce.eu\/index.php\/wp-json\/wp\/v2\/pages\/101\/revisions\/8726"}],"wp:attachment":[{"href":"https:\/\/sp1.kielce.eu\/index.php\/wp-json\/wp\/v2\/media?parent=101"}],"curies":[{"name":"wp","href":"https:\/\/api.w.org\/{rel}","templated":true}]}}